{"id":109,"date":"2022-05-25T21:09:26","date_gmt":"2022-05-25T21:09:26","guid":{"rendered":"https:\/\/cyclebalance.hu\/?page_id=109"},"modified":"2025-05-20T15:47:09","modified_gmt":"2025-05-20T15:47:09","slug":"fogamzas-elerese","status":"publish","type":"page","link":"https:\/\/cyclebalance.hu\/?page_id=109","title":{"rendered":"Fogamz\u00e1s el\u00e9r\u00e9se"},"content":{"rendered":"<p class=\"has-text-color\" style=\"color:#545c6a\">Egyre t\u00f6bb p\u00e1rnak kell megk\u00fczdenie a v\u00e1rva v\u00e1rt gyermek\u00e1ld\u00e1s el\u00e9r\u00e9s\u00e9\u00e9rt.&nbsp;<strong>Felesleges \u00f6nsanyargat\u00e1s \u00e9s szorong\u00e1s helyett ink\u00e1bb ismerd meg tested m\u0171k\u00f6d\u00e9s\u00e9t \u00e9s a n\u0151i ciklus rejtelmeit&nbsp;<\/strong>annak \u00e9rdek\u00e9ben, hogy a k\u00edv\u00e1nt id\u0151ben \u00e9s m\u00f3don \u00e9rkezzen hozz\u00e1tok a v\u00e1gyott kisbab\u00e1tok.<\/p><p class=\"has-text-color\" style=\"color:#545c6a\">Egy 2019-ben megjelent ausztr\u00e1l kutat\u00e1s szerint a&nbsp;<strong>Billings m\u00f3dszert haszn\u00e1l\u00f3, gyermeket tervez\u0151 p\u00e1rok 75%-a \u00e9rte el a fogantat\u00e1st egy \u00e9ven bel\u00fcl,<\/strong>&nbsp;<strong><u>\u00e1tlagosan 4,7 h\u00f3nap alatt,<\/u><\/strong>&nbsp;m\u00edg mindez a kontrollcsoportban \u00e1tlagban 15 h\u00f3nap volt.*<\/p><p class=\"has-text-color\" style=\"color:#545c6a\">&nbsp;<strong>Ehhez azonban sz\u00e1mos felt\u00e9telnek kell teljes\u00fclnie:<\/strong><\/p><ul class=\"has-text-color wp-block-list\" style=\"color:#545c6a\"><li>Sz\u00fcks\u00e9g van egy&nbsp;<strong>eg\u00e9szs\u00e9ges petesejt<\/strong>re \u00e9s az azt megterm\u00e9keny\u00edt\u0151&nbsp;<strong>eg\u00e9szs\u00e9ges h\u00edmivarsejtre<\/strong><\/li>\n\n<li>Kell&nbsp;<strong>megfelel\u0151 min\u0151s\u00e9g\u0171 ny\u00e1k,<\/strong>&nbsp;ami \u00e9letben tartja a h\u00edmivarsejtet addig, am\u00edg az el\u00e9ri a petesejtet.<\/li>\n\n<li>Elengedhetetlen az&nbsp;<strong>\u00e1tj\u00e1rhat\u00f3 petevezet\u00e9k,<\/strong>&nbsp;amelyen v\u00e9gig tud haladni a h\u00edmivarsejt az \u00e9rett petesejt fel\u00e9, majd a megterm\u00e9keny\u00edtett petesejt a m\u00e9h fel\u00e9.<\/li>\n\n<li>Megfelel\u0151 fejl\u0151d\u00e9si f\u00e1zisban kell lennie a m\u00e9hny\u00e1lkah\u00e1rty\u00e1nak ahhoz, hogy a megterm\u00e9keny\u00edtett petesejt be\u00e1gyaz\u00f3dhasson.<\/li><\/ul><p class=\"has-text-color\" style=\"color:#545c6a\"><strong>Val\u00f3j\u00e1ban minden az ide\u00e1lis felt\u00e9telek megl\u00e9t\u00e9n \u00c9S a t\u00f6k\u00e9letes id\u0151z\u00edt\u00e9sen m\u00falik.<\/strong>&nbsp;\u00c9pp ez\u00e9rt olyan fontos, hogy a legterm\u00e9kenyebb napon tudjatok egy\u00fctt lenni.<\/p><p class=\"has-text-color\" style=\"color:#545c6a\"><strong>A Billings Ovul\u00e1ci\u00f3s M\u00f3dszer\u00ae t\u00e1bl\u00e1zata seg\u00edts\u00e9g\u00e9vel fel tudj\u00e1tok ismerni a ciklus term\u00e9keny id\u0151szak\u00e1t \u00e9s term\u00e9kenys\u00e9ged cs\u00facspontj\u00e1t.<\/strong>&nbsp;A v\u00e1rand\u00f3ss\u00e1g el\u00e9r\u00e9s\u00e9re vonatkoz\u00f3 szab\u00e1lyok betart\u00e1sa pedig biztos\u00edtja a lehet\u0151 legnagyobb es\u00e9lyt a fogamz\u00e1sra.<\/p><p class=\"has-text-color\" style=\"color:#545c6a\">Az egym\u00e1sra val\u00f3 odafigyel\u00e9s, t\u00f6r\u0151d\u00e9s, kommunik\u00e1ci\u00f3, a kett\u0151t\u00f6k k\u00f6z\u00f6tti&nbsp; szeretetteljes egy\u00fcttm\u0171k\u00f6d\u00e9s elengedhetetlen\u00fcl sz\u00fcks\u00e9ges a Billings Ovul\u00e1ci\u00f3s M\u00f3dszer\u00ae alkalmaz\u00e1s\u00e1hoz. Ezek nemcsak er\u0151s\u00edtik az \u00f6sszhangot \u00e9s a&nbsp; kapcsolatot, hanem&nbsp; fontos pszichol\u00f3giai t\u00e9nyez\u0151i a sikeres megterm\u00e9keny\u00fcl\u00e9snek is.<\/p><div class=\"wp-block-image\"><figure class=\"aligncenter size-full is-resized\"><a href=\"https:\/\/cyclebalance.hu\/?page_id=40\"><img decoding=\"async\" src=\"https:\/\/cyclebalance.hu\/wp-content\/uploads\/2022\/11\/1_1.jpg\" alt=\"\" class=\"wp-image-669\" width=\"295\" height=\"61\"\/><\/a><\/figure><\/div><p class=\"has-theme-palette-9-color has-text-color has-small-font-size\"><br><br><mark style=\"background-color:rgba(0, 0, 0, 0);color:#545c6a\" class=\"has-inline-color\">Az inform\u00e1ci\u00f3k forr\u00e1sa a <strong><a data-type=\"URL\" data-id=\"https:\/\/billings.hu\/bemutatkozas\/\" href=\"https:\/\/billings.hu\/bemutatkozas\/\" target=\"_blank\" rel=\"noreferrer noopener\">Magyarorsz\u00e1gi Billings K\u00f6zpont<\/a><\/strong> a fent olvashat\u00f3ak <a href=\"https:\/\/billings.hu\/jogi-nyilatkozat\/\" target=\"_blank\" rel=\"noreferrer noopener\"><strong>jogilag v\u00e9dve vannak<\/strong><\/a>, mint Billings oktat\u00f3 osztottam meg.<\/mark><\/p><p class=\"has-theme-palette-9-color has-text-color has-small-font-size\"><mark style=\"background-color:rgba(0, 0, 0, 0);color:#545c6a\" class=\"has-inline-color\">* <a href=\"https:\/\/www.tandfonline.com\" target=\"_blank\" rel=\"noreferrer noopener\"><strong>https:\/\/www.<\/strong><\/a><a href=\"https:\/\/www.tandfonline.com\/doi\/abs\/10.1080\/14647273.2019.1671613?fbclid=IwAR0ctTmbccqg8lt7ldQdiKyrWcJxuhFiul_4MTiXRYjpVZ2JFx0A_j0kULY&amp;journalCode=ihuf20\" target=\"_blank\" rel=\"noreferrer noopener\"><strong>tandfonline<\/strong><\/a><a href=\"https:\/\/www.tandfonline.com\" target=\"_blank\" rel=\"noreferrer noopener\"><strong>.com<\/strong><\/a><\/mark><\/p>","protected":false},"excerpt":{"rendered":"<p>Egyre t\u00f6bb p\u00e1rnak kell megk\u00fczdenie a v\u00e1rva v\u00e1rt gyermek\u00e1ld\u00e1s el\u00e9r\u00e9s\u00e9\u00e9rt.&nbsp;Felesleges \u00f6nsanyargat\u00e1s \u00e9s szorong\u00e1s helyett ink\u00e1bb ismerd meg tested m\u0171k\u00f6d\u00e9s\u00e9t \u00e9s a n\u0151i ciklus rejtelmeit&nbsp;annak \u00e9rdek\u00e9ben, hogy a k\u00edv\u00e1nt id\u0151ben \u00e9s m\u00f3don \u00e9rkezzen hozz\u00e1tok a v\u00e1gyott kisbab\u00e1tok. Egy 2019-ben megjelent ausztr\u00e1l kutat\u00e1s szerint a&nbsp;Billings m\u00f3dszert haszn\u00e1l\u00f3, gyermeket tervez\u0151 p\u00e1rok 75%-a \u00e9rte el a fogantat\u00e1st egy \u00e9ven&#8230;<\/p>\n","protected":false},"author":1,"featured_media":0,"parent":0,"menu_order":0,"comment_status":"closed","ping_status":"closed","template":"","meta":{"_kad_post_transparent":"","_kad_post_title":"","_kad_post_layout":"","_kad_post_sidebar_id":"","_kad_post_content_style":"","_kad_post_vertical_padding":"","_kad_post_feature":"","_kad_post_feature_position":"","_kad_post_header":false,"_kad_post_footer":false,"footnotes":""},"class_list":["post-109","page","type-page","status-publish","hentry"],"yoast_head":"<!-- This site is optimized with the Yoast SEO plugin v25.0 - https:\/\/yoast.com\/wordpress\/plugins\/seo\/ -->\n<title>Fogamz\u00e1s el\u00e9r\u00e9se - CYCLE BALANCE<\/title>\n<meta name=\"robots\" content=\"index, follow, max-snippet:-1, max-image-preview:large, max-video-preview:-1\" \/>\n<link rel=\"canonical\" href=\"https:\/\/cyclebalance.hu\/?page_id=109\" \/>\n<meta property=\"og:locale\" content=\"hu_HU\" \/>\n<meta property=\"og:type\" content=\"article\" \/>\n<meta property=\"og:title\" content=\"Fogamz\u00e1s el\u00e9r\u00e9se - CYCLE BALANCE\" \/>\n<meta property=\"og:description\" content=\"Egyre t\u00f6bb p\u00e1rnak kell megk\u00fczdenie a v\u00e1rva v\u00e1rt gyermek\u00e1ld\u00e1s el\u00e9r\u00e9s\u00e9\u00e9rt.&nbsp;Felesleges \u00f6nsanyargat\u00e1s \u00e9s szorong\u00e1s helyett ink\u00e1bb ismerd meg tested m\u0171k\u00f6d\u00e9s\u00e9t \u00e9s a n\u0151i ciklus rejtelmeit&nbsp;annak \u00e9rdek\u00e9ben, hogy a k\u00edv\u00e1nt id\u0151ben \u00e9s m\u00f3don \u00e9rkezzen hozz\u00e1tok a v\u00e1gyott kisbab\u00e1tok. Egy 2019-ben megjelent ausztr\u00e1l kutat\u00e1s szerint a&nbsp;Billings m\u00f3dszert haszn\u00e1l\u00f3, gyermeket tervez\u0151 p\u00e1rok 75%-a \u00e9rte el a fogantat\u00e1st egy \u00e9ven...\" \/>\n<meta property=\"og:url\" content=\"https:\/\/cyclebalance.hu\/?page_id=109\" \/>\n<meta property=\"og:site_name\" content=\"CYCLE BALANCE\" \/>\n<meta property=\"article:modified_time\" content=\"2025-05-20T15:47:09+00:00\" \/>\n<meta property=\"og:image\" content=\"https:\/\/cyclebalance.hu\/wp-content\/uploads\/2022\/11\/1_1.jpg\" \/>\n\t<meta property=\"og:image:width\" content=\"494\" \/>\n\t<meta property=\"og:image:height\" content=\"105\" \/>\n\t<meta property=\"og:image:type\" content=\"image\/jpeg\" \/>\n<meta name=\"twitter:card\" content=\"summary_large_image\" \/>\n<meta name=\"twitter:label1\" content=\"Becs\u00fclt olvas\u00e1si id\u0151\" \/>\n\t<meta name=\"twitter:data1\" content=\"2 perc\" \/>\n<script type=\"application\/ld+json\" class=\"yoast-schema-graph\">{\"@context\":\"https:\/\/schema.org\",\"@graph\":[{\"@type\":\"WebPage\",\"@id\":\"https:\/\/cyclebalance.hu\/?page_id=109\",\"url\":\"https:\/\/cyclebalance.hu\/?page_id=109\",\"name\":\"Fogamz\u00e1s el\u00e9r\u00e9se - CYCLE BALANCE\",\"isPartOf\":{\"@id\":\"https:\/\/cyclebalance.hu\/#website\"},\"primaryImageOfPage\":{\"@id\":\"https:\/\/cyclebalance.hu\/?page_id=109#primaryimage\"},\"image\":{\"@id\":\"https:\/\/cyclebalance.hu\/?page_id=109#primaryimage\"},\"thumbnailUrl\":\"https:\/\/cyclebalance.hu\/wp-content\/uploads\/2022\/11\/1_1.jpg\",\"datePublished\":\"2022-05-25T21:09:26+00:00\",\"dateModified\":\"2025-05-20T15:47:09+00:00\",\"breadcrumb\":{\"@id\":\"https:\/\/cyclebalance.hu\/?page_id=109#breadcrumb\"},\"inLanguage\":\"hu\",\"potentialAction\":[{\"@type\":\"ReadAction\",\"target\":[\"https:\/\/cyclebalance.hu\/?page_id=109\"]}]},{\"@type\":\"ImageObject\",\"inLanguage\":\"hu\",\"@id\":\"https:\/\/cyclebalance.hu\/?page_id=109#primaryimage\",\"url\":\"https:\/\/cyclebalance.hu\/wp-content\/uploads\/2022\/11\/1_1.jpg\",\"contentUrl\":\"https:\/\/cyclebalance.hu\/wp-content\/uploads\/2022\/11\/1_1.jpg\",\"width\":494,\"height\":105},{\"@type\":\"BreadcrumbList\",\"@id\":\"https:\/\/cyclebalance.hu\/?page_id=109#breadcrumb\",\"itemListElement\":[{\"@type\":\"ListItem\",\"position\":1,\"name\":\"Kezd\u0151lap\",\"item\":\"https:\/\/cyclebalance.hu\/\"},{\"@type\":\"ListItem\",\"position\":2,\"name\":\"Fogamz\u00e1s el\u00e9r\u00e9se\"}]},{\"@type\":\"WebSite\",\"@id\":\"https:\/\/cyclebalance.hu\/#website\",\"url\":\"https:\/\/cyclebalance.hu\/\",\"name\":\"CYCLE BALANCE\",\"description\":\"egyens\u00falyban a ciklusom\",\"publisher\":{\"@id\":\"https:\/\/cyclebalance.hu\/#organization\"},\"potentialAction\":[{\"@type\":\"SearchAction\",\"target\":{\"@type\":\"EntryPoint\",\"urlTemplate\":\"https:\/\/cyclebalance.hu\/?s={search_term_string}\"},\"query-input\":{\"@type\":\"PropertyValueSpecification\",\"valueRequired\":true,\"valueName\":\"search_term_string\"}}],\"inLanguage\":\"hu\"},{\"@type\":\"Organization\",\"@id\":\"https:\/\/cyclebalance.hu\/#organization\",\"name\":\"CYCLE BALANCE\",\"url\":\"https:\/\/cyclebalance.hu\/\",\"logo\":{\"@type\":\"ImageObject\",\"inLanguage\":\"hu\",\"@id\":\"https:\/\/cyclebalance.hu\/#\/schema\/logo\/image\/\",\"url\":\"https:\/\/cyclebalance.hu\/wp-content\/uploads\/2022\/11\/cropped-Alcimsor-hozzaadasa-3.jpg\",\"contentUrl\":\"https:\/\/cyclebalance.hu\/wp-content\/uploads\/2022\/11\/cropped-Alcimsor-hozzaadasa-3.jpg\",\"width\":777,\"height\":311,\"caption\":\"CYCLE BALANCE\"},\"image\":{\"@id\":\"https:\/\/cyclebalance.hu\/#\/schema\/logo\/image\/\"}}]}<\/script>\n<!-- \/ Yoast SEO plugin. -->","yoast_head_json":{"title":"Fogamz\u00e1s el\u00e9r\u00e9se - CYCLE BALANCE","robots":{"index":"index","follow":"follow","max-snippet":"max-snippet:-1","max-image-preview":"max-image-preview:large","max-video-preview":"max-video-preview:-1"},"canonical":"https:\/\/cyclebalance.hu\/?page_id=109","og_locale":"hu_HU","og_type":"article","og_title":"Fogamz\u00e1s el\u00e9r\u00e9se - CYCLE BALANCE","og_description":"Egyre t\u00f6bb p\u00e1rnak kell megk\u00fczdenie a v\u00e1rva v\u00e1rt gyermek\u00e1ld\u00e1s el\u00e9r\u00e9s\u00e9\u00e9rt.&nbsp;Felesleges \u00f6nsanyargat\u00e1s \u00e9s szorong\u00e1s helyett ink\u00e1bb ismerd meg tested m\u0171k\u00f6d\u00e9s\u00e9t \u00e9s a n\u0151i ciklus rejtelmeit&nbsp;annak \u00e9rdek\u00e9ben, hogy a k\u00edv\u00e1nt id\u0151ben \u00e9s m\u00f3don \u00e9rkezzen hozz\u00e1tok a v\u00e1gyott kisbab\u00e1tok. Egy 2019-ben megjelent ausztr\u00e1l kutat\u00e1s szerint a&nbsp;Billings m\u00f3dszert haszn\u00e1l\u00f3, gyermeket tervez\u0151 p\u00e1rok 75%-a \u00e9rte el a fogantat\u00e1st egy \u00e9ven...","og_url":"https:\/\/cyclebalance.hu\/?page_id=109","og_site_name":"CYCLE BALANCE","article_modified_time":"2025-05-20T15:47:09+00:00","og_image":[{"width":494,"height":105,"url":"https:\/\/cyclebalance.hu\/wp-content\/uploads\/2022\/11\/1_1.jpg","type":"image\/jpeg"}],"twitter_card":"summary_large_image","twitter_misc":{"Becs\u00fclt olvas\u00e1si id\u0151":"2 perc"},"schema":{"@context":"https:\/\/schema.org","@graph":[{"@type":"WebPage","@id":"https:\/\/cyclebalance.hu\/?page_id=109","url":"https:\/\/cyclebalance.hu\/?page_id=109","name":"Fogamz\u00e1s el\u00e9r\u00e9se - CYCLE BALANCE","isPartOf":{"@id":"https:\/\/cyclebalance.hu\/#website"},"primaryImageOfPage":{"@id":"https:\/\/cyclebalance.hu\/?page_id=109#primaryimage"},"image":{"@id":"https:\/\/cyclebalance.hu\/?page_id=109#primaryimage"},"thumbnailUrl":"https:\/\/cyclebalance.hu\/wp-content\/uploads\/2022\/11\/1_1.jpg","datePublished":"2022-05-25T21:09:26+00:00","dateModified":"2025-05-20T15:47:09+00:00","breadcrumb":{"@id":"https:\/\/cyclebalance.hu\/?page_id=109#breadcrumb"},"inLanguage":"hu","potentialAction":[{"@type":"ReadAction","target":["https:\/\/cyclebalance.hu\/?page_id=109"]}]},{"@type":"ImageObject","inLanguage":"hu","@id":"https:\/\/cyclebalance.hu\/?page_id=109#primaryimage","url":"https:\/\/cyclebalance.hu\/wp-content\/uploads\/2022\/11\/1_1.jpg","contentUrl":"https:\/\/cyclebalance.hu\/wp-content\/uploads\/2022\/11\/1_1.jpg","width":494,"height":105},{"@type":"BreadcrumbList","@id":"https:\/\/cyclebalance.hu\/?page_id=109#breadcrumb","itemListElement":[{"@type":"ListItem","position":1,"name":"Kezd\u0151lap","item":"https:\/\/cyclebalance.hu\/"},{"@type":"ListItem","position":2,"name":"Fogamz\u00e1s el\u00e9r\u00e9se"}]},{"@type":"WebSite","@id":"https:\/\/cyclebalance.hu\/#website","url":"https:\/\/cyclebalance.hu\/","name":"CYCLE BALANCE","description":"egyens\u00falyban a ciklusom","publisher":{"@id":"https:\/\/cyclebalance.hu\/#organization"},"potentialAction":[{"@type":"SearchAction","target":{"@type":"EntryPoint","urlTemplate":"https:\/\/cyclebalance.hu\/?s={search_term_string}"},"query-input":{"@type":"PropertyValueSpecification","valueRequired":true,"valueName":"search_term_string"}}],"inLanguage":"hu"},{"@type":"Organization","@id":"https:\/\/cyclebalance.hu\/#organization","name":"CYCLE BALANCE","url":"https:\/\/cyclebalance.hu\/","logo":{"@type":"ImageObject","inLanguage":"hu","@id":"https:\/\/cyclebalance.hu\/#\/schema\/logo\/image\/","url":"https:\/\/cyclebalance.hu\/wp-content\/uploads\/2022\/11\/cropped-Alcimsor-hozzaadasa-3.jpg","contentUrl":"https:\/\/cyclebalance.hu\/wp-content\/uploads\/2022\/11\/cropped-Alcimsor-hozzaadasa-3.jpg","width":777,"height":311,"caption":"CYCLE BALANCE"},"image":{"@id":"https:\/\/cyclebalance.hu\/#\/schema\/logo\/image\/"}}]}},"_links":{"self":[{"href":"https:\/\/cyclebalance.hu\/index.php?rest_route=\/wp\/v2\/pages\/109","targetHints":{"allow":["GET"]}}],"collection":[{"href":"https:\/\/cyclebalance.hu\/index.php?rest_route=\/wp\/v2\/pages"}],"about":[{"href":"https:\/\/cyclebalance.hu\/index.php?rest_route=\/wp\/v2\/types\/page"}],"author":[{"embeddable":true,"href":"https:\/\/cyclebalance.hu\/index.php?rest_route=\/wp\/v2\/users\/1"}],"replies":[{"embeddable":true,"href":"https:\/\/cyclebalance.hu\/index.php?rest_route=%2Fwp%2Fv2%2Fcomments&post=109"}],"version-history":[{"count":32,"href":"https:\/\/cyclebalance.hu\/index.php?rest_route=\/wp\/v2\/pages\/109\/revisions"}],"predecessor-version":[{"id":887,"href":"https:\/\/cyclebalance.hu\/index.php?rest_route=\/wp\/v2\/pages\/109\/revisions\/887"}],"wp:attachment":[{"href":"https:\/\/cyclebalance.hu\/index.php?rest_route=%2Fwp%2Fv2%2Fmedia&parent=109"}],"curies":[{"name":"wp","href":"https:\/\/api.w.org\/{rel}","templated":true}]}}