{"id":111,"date":"2022-05-25T21:09:48","date_gmt":"2022-05-25T21:09:48","guid":{"rendered":"https:\/\/cyclebalance.hu\/?page_id=111"},"modified":"2025-05-20T15:47:19","modified_gmt":"2025-05-20T15:47:19","slug":"fogamzas-elkerulese","status":"publish","type":"page","link":"https:\/\/cyclebalance.hu\/?page_id=111","title":{"rendered":"Fogamz\u00e1s elker\u00fcl\u00e9se"},"content":{"rendered":"<h3 class=\"has-large-font-size wp-block-heading\"><\/h3><p class=\"has-text-color\" style=\"color:#545c6a\">Egy fogamz\u00e1sszab\u00e1lyoz\u00e1si m\u00f3dszernek el\u0151sz\u00f6r is&nbsp;<strong>megb\u00edzhat\u00f3nak kell lennie, \u00e1rtalmatlannak,<\/strong> azonnal<strong> visszaford\u00edthat\u00f3nak.<\/strong>&nbsp;Fontos, hogy&nbsp;<strong>ne cs\u00f6kkentse se a libid\u00f3t, se a szexu\u00e1lis egy\u00fcttl\u00e9t \u00e9lvezet\u00e9t<\/strong>. <\/p><p class=\"has-text-color\" style=\"color:#545c6a\">Felel\u0151sen \u00e9s tudatosan gondolkod\u00f3 p\u00e1rok eset\u00e9ben gyakran felmer\u00fclnek<strong>&nbsp;etikai \u00e9s \u00f6kol\u00f3giai szempontok<\/strong>&nbsp;is. Emellett elengedhetetlen\u00fcl fontos, hogy a v\u00e1lasztott m\u00f3dszer&nbsp;<strong>anyagilag hossz\u00fa t\u00e1von is el\u00e9rhet\u0151 legyen,<\/strong>&nbsp;\u00e9s ne terhelje meg t\u00falzottan a k\u00f6lts\u00e9gvet\u00e9st.<\/p><p class=\"has-text-color\" style=\"color:#545c6a\"><strong>A Billings Ovul\u00e1ci\u00f3s M\u00f3dszer<strong>\u00ae<\/strong> a fenn eml\u00edtett szempontnak megfelel, hiszen<\/strong>:<\/p><ul class=\"has-text-color wp-block-list\" style=\"color:#545c6a\"><li><strong><mark style=\"background-color:rgba(0, 0, 0, 0);color:#545c6a\" class=\"has-inline-color\">gy\u00f3gyszer-, hormon- \u00e9s csomagol\u00e1smentes,<\/mark><\/strong><\/li>\n\n<li><strong><mark style=\"background-color:rgba(0, 0, 0, 0);color:#545c6a\" class=\"has-inline-color\">nem szennyezi a k\u00f6rnyezetet \u00e9s<\/mark><\/strong><\/li>\n\n<li><strong><mark style=\"background-color:rgba(0, 0, 0, 0);color:#545c6a\" class=\"has-inline-color\">nem avatkozik bele feleslegesen a szervezet eg\u00e9szs\u00e9ges m\u0171k\u00f6d\u00e9s\u00e9be, ugyanakkor<\/mark><\/strong><\/li>\n\n<li><strong><mark style=\"background-color:rgba(0, 0, 0, 0);color:#545c6a\" class=\"has-inline-color\">egyszeri anyagi r\u00e1ford\u00edt\u00e1ssal egy \u00e9leten \u00e1t sikeresen alkalmazhat\u00f3.<\/mark><\/strong><\/li><\/ul><p class=\"has-text-color\" style=\"color:#545c6a\">A hormon- \u00e9s gy\u00f3gyszermentes Billings Ovul\u00e1ci\u00f3s M\u00f3dszer minden n\u0151nek ide\u00e1lis v\u00e1laszt\u00e1s, hiszen&nbsp;<strong>kutat\u00e1sok igazolj\u00e1k, hogy a Billings Ovul\u00e1ci\u00f3s M\u00f3dszer\u00ae hat\u00e9konys\u00e1ga \u2013 a m\u00f3dszer szab\u00e1lyainak betart\u00e1sa mellett \u2013 a hormon\u00e1lis tablett\u00e1kkal azonos, vagy jobb. (&gt;99%)<\/strong><\/p><p class=\"has-text-color\" style=\"color:#545c6a\"><strong>Nincs mell\u00e9khat\u00e1sa, nem okoz visszaford\u00edthatatlan v\u00e1ltoz\u00e1st a testben \u00e9s nincs hossz\u00fa t\u00e1v\u00fa kock\u00e1zata,&nbsp;<\/strong>mert a m\u00f3dszer 100%-ban term\u00e9szetes, vagyis nem avatkozik bele a test hormon\u00e1lis m\u0171k\u00f6d\u00e9s\u00e9nek \u00e9rz\u00e9keny egyens\u00faly\u00e1ba.<\/p><p class=\"has-text-color\" style=\"color:#545c6a\"><strong>100%-ban k\u00f6rnyezetbar\u00e1t, teljesen eszk\u00f6zmentes, megfizethet\u0151,<\/strong>&nbsp;hiszen a tanfolyam egyszeri d\u00edj\u00e1nak megfizet\u00e9s\u00e9n t\u00fal nincs tov\u00e1bbi k\u00f6lts\u00e9ge.<\/p><p class=\"has-text-color\" style=\"color:#545c6a\">Az egym\u00e1sra val\u00f3 odafigyel\u00e9s, t\u00f6r\u0151d\u00e9s, kommunik\u00e1ci\u00f3, a p\u00e1r szeretetteljes egy\u00fcttm\u0171k\u00f6d\u00e9se elengedhetetlen a Billings Ovul\u00e1ci\u00f3s M\u00f3dszer\u00ae alkalmaz\u00e1s\u00e1hoz. A m\u00f3dszerrel a gyermekv\u00e1llal\u00e1s k\u00e9rd\u00e9se olyan k\u00f6z\u00f6s d\u00f6nt\u00e9s \u00e9s megosztott felel\u0151ss\u00e9g, mely minden kult\u00fara \u00e9s vall\u00e1s sz\u00e1m\u00e1ra elfogadhat\u00f3.&nbsp;<\/p><div class=\"wp-block-image\"><figure class=\"aligncenter size-full is-resized\"><a href=\"https:\/\/cyclebalance.hu\/?page_id=40\"><img decoding=\"async\" src=\"https:\/\/cyclebalance.hu\/wp-content\/uploads\/2022\/11\/1_1.jpg\" alt=\"\" class=\"wp-image-669\" width=\"296\" height=\"63\" srcset=\"https:\/\/cyclebalance.hu\/wp-content\/uploads\/2022\/11\/1_1.jpg 494w, https:\/\/cyclebalance.hu\/wp-content\/uploads\/2022\/11\/1_1-300x64.jpg 300w\" sizes=\"(max-width: 296px) 100vw, 296px\" \/><\/a><\/figure><\/div><p class=\"has-theme-palette-5-color has-text-color has-small-font-size\"><br><br><mark style=\"background-color:rgba(0, 0, 0, 0);color:#545c6a\" class=\"has-inline-color\">Az inform\u00e1ci\u00f3k forr\u00e1sa a <strong><a href=\"https:\/\/billings.hu\/bemutatkozas\/\" target=\"_blank\" rel=\"noreferrer noopener\">Magyarorsz\u00e1gi Billings K\u00f6zpont<\/a><\/strong> a fent olvashat\u00f3ak <a href=\"https:\/\/billings.hu\/jogi-nyilatkozat\/\" target=\"_blank\" rel=\"noreferrer noopener\"><strong>jogilag v\u00e9dve vannak<\/strong><\/a>, mint Billings oktat\u00f3 osztottam meg.<\/mark><\/p><p class=\"has-theme-palette-9-color has-text-color has-small-font-size\"><a href=\"https:\/\/billings.life\/en\/effectiveness-in-preventing-pregnancy.html\" target=\"_blank\" rel=\"noreferrer noopener\"><strong><mark style=\"background-color:rgba(0, 0, 0, 0);color:#545c6a\" class=\"has-inline-color\">https:\/\/billings.life\/en\/effectiveness-in-preventing-pregnancy.html<\/mark><\/strong><\/a><\/p>","protected":false},"excerpt":{"rendered":"<p>Egy fogamz\u00e1sszab\u00e1lyoz\u00e1si m\u00f3dszernek el\u0151sz\u00f6r is&nbsp;megb\u00edzhat\u00f3nak kell lennie, \u00e1rtalmatlannak, azonnal visszaford\u00edthat\u00f3nak.&nbsp;Fontos, hogy&nbsp;ne cs\u00f6kkentse se a libid\u00f3t, se a szexu\u00e1lis egy\u00fcttl\u00e9t \u00e9lvezet\u00e9t. Felel\u0151sen \u00e9s tudatosan gondolkod\u00f3 p\u00e1rok eset\u00e9ben gyakran felmer\u00fclnek&nbsp;etikai \u00e9s \u00f6kol\u00f3giai szempontok&nbsp;is. Emellett elengedhetetlen\u00fcl fontos, hogy a v\u00e1lasztott m\u00f3dszer&nbsp;anyagilag hossz\u00fa t\u00e1von is el\u00e9rhet\u0151 legyen,&nbsp;\u00e9s ne terhelje meg t\u00falzottan a k\u00f6lts\u00e9gvet\u00e9st. A Billings Ovul\u00e1ci\u00f3s M\u00f3dszer\u00ae a fenn&#8230;<\/p>\n","protected":false},"author":1,"featured_media":0,"parent":0,"menu_order":0,"comment_status":"closed","ping_status":"closed","template":"","meta":{"_kad_post_transparent":"","_kad_post_title":"","_kad_post_layout":"","_kad_post_sidebar_id":"","_kad_post_content_style":"","_kad_post_vertical_padding":"","_kad_post_feature":"","_kad_post_feature_position":"","_kad_post_header":false,"_kad_post_footer":false,"footnotes":""},"class_list":["post-111","page","type-page","status-publish","hentry"],"yoast_head":"<!-- This site is optimized with the Yoast SEO plugin v25.0 - https:\/\/yoast.com\/wordpress\/plugins\/seo\/ -->\n<title>Fogamz\u00e1s elker\u00fcl\u00e9se - CYCLE BALANCE<\/title>\n<meta name=\"robots\" content=\"index, follow, max-snippet:-1, max-image-preview:large, max-video-preview:-1\" \/>\n<link rel=\"canonical\" href=\"https:\/\/cyclebalance.hu\/?page_id=111\" \/>\n<meta property=\"og:locale\" content=\"hu_HU\" \/>\n<meta property=\"og:type\" content=\"article\" \/>\n<meta property=\"og:title\" content=\"Fogamz\u00e1s elker\u00fcl\u00e9se - CYCLE BALANCE\" \/>\n<meta property=\"og:description\" content=\"Egy fogamz\u00e1sszab\u00e1lyoz\u00e1si m\u00f3dszernek el\u0151sz\u00f6r is&nbsp;megb\u00edzhat\u00f3nak kell lennie, \u00e1rtalmatlannak, azonnal visszaford\u00edthat\u00f3nak.&nbsp;Fontos, hogy&nbsp;ne cs\u00f6kkentse se a libid\u00f3t, se a szexu\u00e1lis egy\u00fcttl\u00e9t \u00e9lvezet\u00e9t. Felel\u0151sen \u00e9s tudatosan gondolkod\u00f3 p\u00e1rok eset\u00e9ben gyakran felmer\u00fclnek&nbsp;etikai \u00e9s \u00f6kol\u00f3giai szempontok&nbsp;is. Emellett elengedhetetlen\u00fcl fontos, hogy a v\u00e1lasztott m\u00f3dszer&nbsp;anyagilag hossz\u00fa t\u00e1von is el\u00e9rhet\u0151 legyen,&nbsp;\u00e9s ne terhelje meg t\u00falzottan a k\u00f6lts\u00e9gvet\u00e9st. A Billings Ovul\u00e1ci\u00f3s M\u00f3dszer\u00ae a fenn...\" \/>\n<meta property=\"og:url\" content=\"https:\/\/cyclebalance.hu\/?page_id=111\" \/>\n<meta property=\"og:site_name\" content=\"CYCLE BALANCE\" \/>\n<meta property=\"article:modified_time\" content=\"2025-05-20T15:47:19+00:00\" \/>\n<meta property=\"og:image\" content=\"https:\/\/cyclebalance.hu\/wp-content\/uploads\/2022\/11\/1_1.jpg\" \/>\n\t<meta property=\"og:image:width\" content=\"494\" \/>\n\t<meta property=\"og:image:height\" content=\"105\" \/>\n\t<meta property=\"og:image:type\" content=\"image\/jpeg\" \/>\n<meta name=\"twitter:card\" content=\"summary_large_image\" \/>\n<meta name=\"twitter:label1\" content=\"Becs\u00fclt olvas\u00e1si id\u0151\" \/>\n\t<meta name=\"twitter:data1\" content=\"2 perc\" \/>\n<script type=\"application\/ld+json\" class=\"yoast-schema-graph\">{\"@context\":\"https:\/\/schema.org\",\"@graph\":[{\"@type\":\"WebPage\",\"@id\":\"https:\/\/cyclebalance.hu\/?page_id=111\",\"url\":\"https:\/\/cyclebalance.hu\/?page_id=111\",\"name\":\"Fogamz\u00e1s elker\u00fcl\u00e9se - CYCLE BALANCE\",\"isPartOf\":{\"@id\":\"https:\/\/cyclebalance.hu\/#website\"},\"primaryImageOfPage\":{\"@id\":\"https:\/\/cyclebalance.hu\/?page_id=111#primaryimage\"},\"image\":{\"@id\":\"https:\/\/cyclebalance.hu\/?page_id=111#primaryimage\"},\"thumbnailUrl\":\"https:\/\/cyclebalance.hu\/wp-content\/uploads\/2022\/11\/1_1.jpg\",\"datePublished\":\"2022-05-25T21:09:48+00:00\",\"dateModified\":\"2025-05-20T15:47:19+00:00\",\"breadcrumb\":{\"@id\":\"https:\/\/cyclebalance.hu\/?page_id=111#breadcrumb\"},\"inLanguage\":\"hu\",\"potentialAction\":[{\"@type\":\"ReadAction\",\"target\":[\"https:\/\/cyclebalance.hu\/?page_id=111\"]}]},{\"@type\":\"ImageObject\",\"inLanguage\":\"hu\",\"@id\":\"https:\/\/cyclebalance.hu\/?page_id=111#primaryimage\",\"url\":\"https:\/\/cyclebalance.hu\/wp-content\/uploads\/2022\/11\/1_1.jpg\",\"contentUrl\":\"https:\/\/cyclebalance.hu\/wp-content\/uploads\/2022\/11\/1_1.jpg\",\"width\":494,\"height\":105},{\"@type\":\"BreadcrumbList\",\"@id\":\"https:\/\/cyclebalance.hu\/?page_id=111#breadcrumb\",\"itemListElement\":[{\"@type\":\"ListItem\",\"position\":1,\"name\":\"Kezd\u0151lap\",\"item\":\"https:\/\/cyclebalance.hu\/\"},{\"@type\":\"ListItem\",\"position\":2,\"name\":\"Fogamz\u00e1s elker\u00fcl\u00e9se\"}]},{\"@type\":\"WebSite\",\"@id\":\"https:\/\/cyclebalance.hu\/#website\",\"url\":\"https:\/\/cyclebalance.hu\/\",\"name\":\"CYCLE BALANCE\",\"description\":\"egyens\u00falyban a ciklusom\",\"publisher\":{\"@id\":\"https:\/\/cyclebalance.hu\/#organization\"},\"potentialAction\":[{\"@type\":\"SearchAction\",\"target\":{\"@type\":\"EntryPoint\",\"urlTemplate\":\"https:\/\/cyclebalance.hu\/?s={search_term_string}\"},\"query-input\":{\"@type\":\"PropertyValueSpecification\",\"valueRequired\":true,\"valueName\":\"search_term_string\"}}],\"inLanguage\":\"hu\"},{\"@type\":\"Organization\",\"@id\":\"https:\/\/cyclebalance.hu\/#organization\",\"name\":\"CYCLE BALANCE\",\"url\":\"https:\/\/cyclebalance.hu\/\",\"logo\":{\"@type\":\"ImageObject\",\"inLanguage\":\"hu\",\"@id\":\"https:\/\/cyclebalance.hu\/#\/schema\/logo\/image\/\",\"url\":\"https:\/\/cyclebalance.hu\/wp-content\/uploads\/2022\/11\/cropped-Alcimsor-hozzaadasa-3.jpg\",\"contentUrl\":\"https:\/\/cyclebalance.hu\/wp-content\/uploads\/2022\/11\/cropped-Alcimsor-hozzaadasa-3.jpg\",\"width\":777,\"height\":311,\"caption\":\"CYCLE BALANCE\"},\"image\":{\"@id\":\"https:\/\/cyclebalance.hu\/#\/schema\/logo\/image\/\"}}]}<\/script>\n<!-- \/ Yoast SEO plugin. -->","yoast_head_json":{"title":"Fogamz\u00e1s elker\u00fcl\u00e9se - CYCLE BALANCE","robots":{"index":"index","follow":"follow","max-snippet":"max-snippet:-1","max-image-preview":"max-image-preview:large","max-video-preview":"max-video-preview:-1"},"canonical":"https:\/\/cyclebalance.hu\/?page_id=111","og_locale":"hu_HU","og_type":"article","og_title":"Fogamz\u00e1s elker\u00fcl\u00e9se - CYCLE BALANCE","og_description":"Egy fogamz\u00e1sszab\u00e1lyoz\u00e1si m\u00f3dszernek el\u0151sz\u00f6r is&nbsp;megb\u00edzhat\u00f3nak kell lennie, \u00e1rtalmatlannak, azonnal visszaford\u00edthat\u00f3nak.&nbsp;Fontos, hogy&nbsp;ne cs\u00f6kkentse se a libid\u00f3t, se a szexu\u00e1lis egy\u00fcttl\u00e9t \u00e9lvezet\u00e9t. Felel\u0151sen \u00e9s tudatosan gondolkod\u00f3 p\u00e1rok eset\u00e9ben gyakran felmer\u00fclnek&nbsp;etikai \u00e9s \u00f6kol\u00f3giai szempontok&nbsp;is. Emellett elengedhetetlen\u00fcl fontos, hogy a v\u00e1lasztott m\u00f3dszer&nbsp;anyagilag hossz\u00fa t\u00e1von is el\u00e9rhet\u0151 legyen,&nbsp;\u00e9s ne terhelje meg t\u00falzottan a k\u00f6lts\u00e9gvet\u00e9st. A Billings Ovul\u00e1ci\u00f3s M\u00f3dszer\u00ae a fenn...","og_url":"https:\/\/cyclebalance.hu\/?page_id=111","og_site_name":"CYCLE BALANCE","article_modified_time":"2025-05-20T15:47:19+00:00","og_image":[{"width":494,"height":105,"url":"https:\/\/cyclebalance.hu\/wp-content\/uploads\/2022\/11\/1_1.jpg","type":"image\/jpeg"}],"twitter_card":"summary_large_image","twitter_misc":{"Becs\u00fclt olvas\u00e1si id\u0151":"2 perc"},"schema":{"@context":"https:\/\/schema.org","@graph":[{"@type":"WebPage","@id":"https:\/\/cyclebalance.hu\/?page_id=111","url":"https:\/\/cyclebalance.hu\/?page_id=111","name":"Fogamz\u00e1s elker\u00fcl\u00e9se - CYCLE BALANCE","isPartOf":{"@id":"https:\/\/cyclebalance.hu\/#website"},"primaryImageOfPage":{"@id":"https:\/\/cyclebalance.hu\/?page_id=111#primaryimage"},"image":{"@id":"https:\/\/cyclebalance.hu\/?page_id=111#primaryimage"},"thumbnailUrl":"https:\/\/cyclebalance.hu\/wp-content\/uploads\/2022\/11\/1_1.jpg","datePublished":"2022-05-25T21:09:48+00:00","dateModified":"2025-05-20T15:47:19+00:00","breadcrumb":{"@id":"https:\/\/cyclebalance.hu\/?page_id=111#breadcrumb"},"inLanguage":"hu","potentialAction":[{"@type":"ReadAction","target":["https:\/\/cyclebalance.hu\/?page_id=111"]}]},{"@type":"ImageObject","inLanguage":"hu","@id":"https:\/\/cyclebalance.hu\/?page_id=111#primaryimage","url":"https:\/\/cyclebalance.hu\/wp-content\/uploads\/2022\/11\/1_1.jpg","contentUrl":"https:\/\/cyclebalance.hu\/wp-content\/uploads\/2022\/11\/1_1.jpg","width":494,"height":105},{"@type":"BreadcrumbList","@id":"https:\/\/cyclebalance.hu\/?page_id=111#breadcrumb","itemListElement":[{"@type":"ListItem","position":1,"name":"Kezd\u0151lap","item":"https:\/\/cyclebalance.hu\/"},{"@type":"ListItem","position":2,"name":"Fogamz\u00e1s elker\u00fcl\u00e9se"}]},{"@type":"WebSite","@id":"https:\/\/cyclebalance.hu\/#website","url":"https:\/\/cyclebalance.hu\/","name":"CYCLE BALANCE","description":"egyens\u00falyban a ciklusom","publisher":{"@id":"https:\/\/cyclebalance.hu\/#organization"},"potentialAction":[{"@type":"SearchAction","target":{"@type":"EntryPoint","urlTemplate":"https:\/\/cyclebalance.hu\/?s={search_term_string}"},"query-input":{"@type":"PropertyValueSpecification","valueRequired":true,"valueName":"search_term_string"}}],"inLanguage":"hu"},{"@type":"Organization","@id":"https:\/\/cyclebalance.hu\/#organization","name":"CYCLE BALANCE","url":"https:\/\/cyclebalance.hu\/","logo":{"@type":"ImageObject","inLanguage":"hu","@id":"https:\/\/cyclebalance.hu\/#\/schema\/logo\/image\/","url":"https:\/\/cyclebalance.hu\/wp-content\/uploads\/2022\/11\/cropped-Alcimsor-hozzaadasa-3.jpg","contentUrl":"https:\/\/cyclebalance.hu\/wp-content\/uploads\/2022\/11\/cropped-Alcimsor-hozzaadasa-3.jpg","width":777,"height":311,"caption":"CYCLE BALANCE"},"image":{"@id":"https:\/\/cyclebalance.hu\/#\/schema\/logo\/image\/"}}]}},"_links":{"self":[{"href":"https:\/\/cyclebalance.hu\/index.php?rest_route=\/wp\/v2\/pages\/111","targetHints":{"allow":["GET"]}}],"collection":[{"href":"https:\/\/cyclebalance.hu\/index.php?rest_route=\/wp\/v2\/pages"}],"about":[{"href":"https:\/\/cyclebalance.hu\/index.php?rest_route=\/wp\/v2\/types\/page"}],"author":[{"embeddable":true,"href":"https:\/\/cyclebalance.hu\/index.php?rest_route=\/wp\/v2\/users\/1"}],"replies":[{"embeddable":true,"href":"https:\/\/cyclebalance.hu\/index.php?rest_route=%2Fwp%2Fv2%2Fcomments&post=111"}],"version-history":[{"count":40,"href":"https:\/\/cyclebalance.hu\/index.php?rest_route=\/wp\/v2\/pages\/111\/revisions"}],"predecessor-version":[{"id":886,"href":"https:\/\/cyclebalance.hu\/index.php?rest_route=\/wp\/v2\/pages\/111\/revisions\/886"}],"wp:attachment":[{"href":"https:\/\/cyclebalance.hu\/index.php?rest_route=%2Fwp%2Fv2%2Fmedia&parent=111"}],"curies":[{"name":"wp","href":"https:\/\/api.w.org\/{rel}","templated":true}]}}