{"id":40,"date":"2022-05-22T15:38:55","date_gmt":"2022-05-22T15:38:55","guid":{"rendered":"https:\/\/cyclebalance.hu\/?page_id=40"},"modified":"2025-06-05T07:14:04","modified_gmt":"2025-06-05T07:14:04","slug":"billings-ovulacios-modszer","status":"publish","type":"page","link":"https:\/\/cyclebalance.hu\/?page_id=40","title":{"rendered":"Ciklusk\u00f6vet\u00e9s mag\u00e1noktat\u00e1s"},"content":{"rendered":"<p class=\"has-text-align-left has-text-color\" style=\"color:#545c6a\">A <strong>CYCLE BALANCE ciklusk\u00f6vet\u00e9si met\u00f3dusa a Billings Ovul\u00e1ci\u00f3s M\u00f3dszer,<\/strong> melynek alapja a <strong>m\u00e9hnyak-ny\u00e1k<\/strong> figyelemmel k\u00eds\u00e9r\u00e9se. A ny\u00e1kot a <strong>m\u00e9hnyak<\/strong> termeli, amely a <strong>nemi hormonok ir\u00e1ny\u00edt\u00e1sa alatt \u00e1ll<\/strong>. <\/p><div class=\"wp-block-image\"><figure class=\"aligncenter size-large is-resized\"><img fetchpriority=\"high\" decoding=\"async\" width=\"1024\" height=\"330\" src=\"https:\/\/cyclebalance.hu\/wp-content\/uploads\/2022\/11\/Nevtelen-terv-2-1024x330.jpg\" alt=\"\" class=\"wp-image-771\" style=\"aspect-ratio:3.0970873786407767;width:632px;height:auto\" srcset=\"https:\/\/cyclebalance.hu\/wp-content\/uploads\/2022\/11\/Nevtelen-terv-2-1024x330.jpg 1024w, https:\/\/cyclebalance.hu\/wp-content\/uploads\/2022\/11\/Nevtelen-terv-2-300x97.jpg 300w, https:\/\/cyclebalance.hu\/wp-content\/uploads\/2022\/11\/Nevtelen-terv-2-768x247.jpg 768w, https:\/\/cyclebalance.hu\/wp-content\/uploads\/2022\/11\/Nevtelen-terv-2-1536x495.jpg 1536w, https:\/\/cyclebalance.hu\/wp-content\/uploads\/2022\/11\/Nevtelen-terv-2-1320x425.jpg 1320w, https:\/\/cyclebalance.hu\/wp-content\/uploads\/2022\/11\/Nevtelen-terv-2-600x193.jpg 600w, https:\/\/cyclebalance.hu\/wp-content\/uploads\/2022\/11\/Nevtelen-terv-2.jpg 1633w\" sizes=\"(max-width: 1024px) 100vw, 1024px\" \/><figcaption class=\"wp-element-caption\">A m\u00e9hnyak elhelyezked\u00e9se, a m\u00e9hnyak aluln\u00e9zetb\u0151l, egy term\u00e9keny m\u00e9hnyakny\u00e1k<\/figcaption><\/figure><\/div><p class=\"has-text-color\" style=\"color:#545c6a\">Kutat\u00e1sok r\u00e1mutattak, hogy <strong>a ny\u00e1k nem csak jelzi a term\u00e9keny id\u0151szakot, hanem fontos a fogamz\u00e1s szempontj\u00e1b\u00f3l is<\/strong>.<\/p><p class=\"has-text-color\" style=\"color:#545c6a\"><strong>N\u00e9h\u00e1ny ciklus alatt elsaj\u00e1t\u00edthat\u00f3<\/strong> a m\u00f3dszer biztons\u00e1gos haszn\u00e1lata, melyhez l\u00e9nyeges a <strong>napi r\u00f6vid feljegyz\u00e9sek<\/strong> k\u00e9sz\u00edt\u00e9se.<br>A m\u00f3dszer nem j\u00e1r gy\u00f3gyszerek, eszk\u00f6z\u00f6k ig\u00e9nybev\u00e9tel\u00e9vel, vagy bels\u0151 vizsg\u00e1lattal. <strong>Mind\u00f6ssze a v\u00e1ltoz\u00f3 ny\u00e1k egyszer\u0171 figyelemmel k\u00eds\u00e9r\u00e9s\u00e9re \u00e9s az ismeretek alkalmaz\u00e1s\u00e1ra van sz\u00fcks\u00e9g. <\/strong><\/p><p class=\"has-text-color\" style=\"color:#545c6a\">Kutat\u00e1sok igazolj\u00e1k, hogy a Billings Ovul\u00e1ci\u00f3s M\u00f3dszer\u00ae hat\u00e9konys\u00e1ga (a m\u00f3dszer szab\u00e1lyainak betart\u00e1sa mellett) a hormon\u00e1lis tablett\u00e1kkal azonos, vagy jobb. (&gt;99%)<\/p><p class=\"has-text-color\" style=\"color:#545c6a\"><strong>Csal\u00e1dalap\u00edt\u00e1sra v\u00e1gy\u00f3 p\u00e1rok&nbsp;helyes alkalmaz\u00e1s mellett&nbsp;\u00e1tlagosan 4,7 h\u00f3nap m\u00falva sikerr\u0151l sz\u00e1molnak be.<\/strong><\/p><p class=\"has-text-color\" style=\"color:#545c6a\"><strong>100%-ban k\u00f6rnyezetbar\u00e1t, teljesen eszk\u00f6zmentes, megfizethet\u0151,<\/strong>&nbsp;hiszen a tanfolyam egyszeri d\u00edj\u00e1nak megfizet\u00e9s\u00e9n t\u00fal nincs tov\u00e1bbi k\u00f6lts\u00e9ge.<br><\/p><p class=\"has-text-align-center has-text-color\" style=\"color:#545c6a;font-size:22px\"><br><strong>A CYCLE BALANCE oktat\u00e1s menete:<\/strong><\/p><p class=\"has-text-color\" style=\"color:#545c6a\">Az els\u0151 virtu\u00e1lis tal\u00e1lkoz\u00e1s sor\u00e1n egy ismerked\u0151s alkalmat tartunk, ahol elbesz\u00e9lget\u00fcnk&nbsp;\u00e9s fontos k\u00e9rd\u00e9sekre kaphatok t\u0151led r\u00e9szletes v\u00e1laszokat, ez elengedhetetlen, hogy min\u00e9l t\u00f6bbet megtudhassak jelenlegi term\u00e9kenys\u00e9gi \u00e1llapotodr\u00f3l, esetleges panaszaidr\u00f3l \u00e9s azok k\u00f6vetkezm\u00e9nyeir\u0151l.<br><strong>Meg akarlak ismerni T\u00e9ged \u00e9s a Te r\u00f6vid t\u00f6rt\u00e9neted, ami miatt hozz\u00e1m fordulsz.<\/strong><\/p><p class=\"has-text-color\" style=\"color:#545c6a\">Ezt k\u00f6vet\u0151en egyeztetett alkalmak sor\u00e1n (egy alkalom kb. 40-60 perc + a k\u00e9rd\u00e9sekre sz\u00e1nt id\u0151) a k\u00f6vetkez\u0151 t\u00e9m\u00e1kon haladunk v\u00e9gig 4 alkalom sor\u00e1n:<\/p><p class=\"has-text-color\" style=\"color:#545c6a\"><strong>1.<\/strong> <strong>A n\u0151i ciklus \u00e9s a ny\u00e1k (eg\u00e9szs\u00e9g\u00fcgyi v\u00e9gzetts\u00e9g megl\u00e9t\u00e9n opcion\u00e1lis)<br>2. Billings Ovul\u00e1ci\u00f3s M\u00f3dszer \u00ae \u00e9s a ciklus biol\u00f3giai h\u00e1ttere<br>3. Billings Ovul\u00e1ci\u00f3s M\u00f3dszer \u00ae a gyakorlatban, ciklust\u00edpusok<br>4. <strong>Billings Ovul\u00e1ci\u00f3s M\u00f3dszer \u00ae<\/strong> szab\u00e1lyok fogamz\u00e1s elker\u00fcl\u00e9s\u00e9re \u00e9s el\u00e9r\u00e9s\u00e9re<\/strong><\/p><p class=\"has-text-align-center\">Egy alkalom d\u00edja: 15 000 Ft<\/p><p class=\"has-text-color\" style=\"color:#545c6a\">Egy\u00e9b hasznos v\u00e1laszthat\u00f3 el\u0151ad\u00e1sok:<br>\u2022 <strong>szoptat\u00e1s \u00e9s v\u00e1ltoz\u00e1s kora<\/strong><br><strong>\u2022 cs\u00f6kkent fogamz\u00f3k\u00e9pess\u00e9g, gyakori hormon-egyens\u00faly probl\u00e9m\u00e1k<\/strong><br>\u2022 <strong>v\u00e9rz\u00e9st\u00edpusok, h\u00fcvelyv\u00e1lad\u00e9kok<br>\u2022 a f\u00e9rfi szaporod\u00e1s m\u0171k\u00f6d\u00e9se a n\u0151i term\u00e9kenys\u00e9ggel<\/strong><\/p><p class=\"has-text-align-left has-text-color\" style=\"color:#545c6a\">A k\u00e9pz\u00e9s sor\u00e1n b\u00e1rmikor k\u00e9rd\u00e9sed lesz a rendelkez\u00e9sedre \u00e1llok, oktat\u00e1st k\u00f6vet\u0151en <strong>online konzult\u00e1ci\u00f3k sor\u00e1n egy\u00fctt \u00e9rtelmezz\u00fck a Te egy\u00e9ni ciklusk\u00e9ped<\/strong>.<br>A vezetett t\u00e1bl\u00e1zatok megbesz\u00e9l\u00e9s\u00e9re a konzult\u00e1ci\u00f3 d\u00edja: 5000 Ft \/alkalom<\/p><p class=\"has-text-align-left has-text-color\" style=\"color:#545c6a\"><\/p><h2 class=\"wp-block-heading has-theme-palette-9-color has-text-color\" style=\"font-size:22px;font-style:normal;font-weight:300;text-transform:capitalize\"><mark style=\"background-color:rgba(0, 0, 0, 0);color:#545c6a\" class=\"has-inline-color\"><em><strong>Jelentkez\u00e9s:<\/strong><\/em><\/mark><\/h2><p><em>K\u00e9rlek jel\u00f6ld meg az \u00fczenetben, hogy a \u201e<strong>mag\u00e1noktat\u00e1s<\/strong>\u201d \u00e9rdeklel!<\/em><\/p><div class=\"wpforms-container wpforms-container-full wpforms-block wpforms-block-6f435e9e-1676-40db-89bb-9e50f887924d\" id=\"wpforms-35\"><form id=\"wpforms-form-35\" class=\"wpforms-validate wpforms-form wpforms-ajax-form\" data-formid=\"35\" method=\"post\" enctype=\"multipart\/form-data\" action=\"\/index.php?rest_route=%2Fwp%2Fv2%2Fpages%2F40\" data-token=\"a29b5a9fd553accb6abd40efda9e37e3\" data-token-time=\"1777535039\"><noscript class=\"wpforms-error-noscript\">Please enable JavaScript in your browser to complete this form.<\/noscript><div class=\"wpforms-field-container\"><div id=\"wpforms-35-field_0-container\" class=\"wpforms-field wpforms-field-name\" data-field-id=\"0\"><label class=\"wpforms-field-label\" for=\"wpforms-35-field_0\">N\u00e9v <span class=\"wpforms-required-label\">*<\/span><\/label><input type=\"text\" id=\"wpforms-35-field_0\" class=\"wpforms-field-medium wpforms-field-required\" name=\"wpforms[fields][0]\" required><\/div><div id=\"wpforms-35-field_1-container\" class=\"wpforms-field wpforms-field-email\" data-field-id=\"1\"><label class=\"wpforms-field-label\" for=\"wpforms-35-field_1\">Email <span class=\"wpforms-required-label\">*<\/span><\/label><input type=\"email\" id=\"wpforms-35-field_1\" class=\"wpforms-field-medium wpforms-field-required\" name=\"wpforms[fields][1]\" spellcheck=\"false\" required><\/div><div id=\"wpforms-35-field_2-container\" class=\"wpforms-field wpforms-field-textarea\" data-field-id=\"2\"><label class=\"wpforms-field-label\" for=\"wpforms-35-field_2\">\u00dczenet <span class=\"wpforms-required-label\">*<\/span><\/label><textarea id=\"wpforms-35-field_2\" class=\"wpforms-field-medium wpforms-field-required\" name=\"wpforms[fields][2]\" required><\/textarea><\/div><\/div><!-- .wpforms-field-container --><div class=\"wpforms-submit-container\" ><input type=\"hidden\" name=\"wpforms[id]\" value=\"35\"><input type=\"hidden\" name=\"page_title\" value=\"\"><input type=\"hidden\" name=\"page_url\" value=\"https:\/\/cyclebalance.hu\/index.php?rest_route=\/wp\/v2\/pages\/40\"><input type=\"hidden\" name=\"url_referer\" value=\"\"><button type=\"submit\" name=\"wpforms[submit]\" id=\"wpforms-submit-35\" class=\"wpforms-submit\" data-alt-text=\"K\u00fcld\u00e9s...\" data-submit-text=\"K\u00fcld\u00e9s\" aria-live=\"assertive\" value=\"wpforms-submit\">K\u00fcld\u00e9s<\/button><img decoding=\"async\" src=\"https:\/\/cyclebalance.hu\/wp-content\/plugins\/wpforms-lite\/assets\/images\/submit-spin.svg\" class=\"wpforms-submit-spinner\" style=\"display: none;\" width=\"26\" height=\"26\" alt=\"Loading\"><\/div><\/form><\/div>  <!-- .wpforms-container --><p class=\"has-text-align-center has-text-color\" style=\"color:#545c6a\">Visszajelz\u00e9sek:<\/p><div class=\"wp-block-image\"><figure class=\"aligncenter is-resized\"><img decoding=\"async\" width=\"1024\" height=\"401\" src=\"https:\/\/cyclebalance.hu\/wp-content\/uploads\/2025\/04\/ajanlasberta-1024x401.jpg\" alt=\"\" class=\"wp-image-1074\" style=\"width:672px;height:auto\" srcset=\"https:\/\/cyclebalance.hu\/wp-content\/uploads\/2025\/04\/ajanlasberta-1024x401.jpg 1024w, https:\/\/cyclebalance.hu\/wp-content\/uploads\/2025\/04\/ajanlasberta-300x117.jpg 300w, https:\/\/cyclebalance.hu\/wp-content\/uploads\/2025\/04\/ajanlasberta-768x300.jpg 768w, https:\/\/cyclebalance.hu\/wp-content\/uploads\/2025\/04\/ajanlasberta-600x235.jpg 600w, https:\/\/cyclebalance.hu\/wp-content\/uploads\/2025\/04\/ajanlasberta.jpg 1490w\" sizes=\"(max-width: 1024px) 100vw, 1024px\" \/><\/figure><\/div><div class=\"wp-block-image\"><figure class=\"aligncenter size-large is-resized\"><img loading=\"lazy\" decoding=\"async\" width=\"1024\" height=\"681\" src=\"https:\/\/cyclebalance.hu\/wp-content\/uploads\/2025\/05\/visszaj1-1024x681.jpg\" alt=\"\" class=\"wp-image-1149\" style=\"width:448px;height:auto\" srcset=\"https:\/\/cyclebalance.hu\/wp-content\/uploads\/2025\/05\/visszaj1-1024x681.jpg 1024w, https:\/\/cyclebalance.hu\/wp-content\/uploads\/2025\/05\/visszaj1-300x200.jpg 300w, https:\/\/cyclebalance.hu\/wp-content\/uploads\/2025\/05\/visszaj1-768x511.jpg 768w, https:\/\/cyclebalance.hu\/wp-content\/uploads\/2025\/05\/visszaj1-600x399.jpg 600w, https:\/\/cyclebalance.hu\/wp-content\/uploads\/2025\/05\/visszaj1.jpg 1027w\" sizes=\"(max-width: 1024px) 100vw, 1024px\" \/><\/figure><\/div><div class=\"wp-block-image\"><figure class=\"aligncenter is-resized\"><img loading=\"lazy\" decoding=\"async\" width=\"1024\" height=\"226\" src=\"https:\/\/cyclebalance.hu\/wp-content\/uploads\/2025\/05\/visszajelzes-1024x226.jpg\" alt=\"\" class=\"wp-image-1123\" style=\"width:676px;height:auto\" srcset=\"https:\/\/cyclebalance.hu\/wp-content\/uploads\/2025\/05\/visszajelzes-1024x226.jpg 1024w, https:\/\/cyclebalance.hu\/wp-content\/uploads\/2025\/05\/visszajelzes-300x66.jpg 300w, https:\/\/cyclebalance.hu\/wp-content\/uploads\/2025\/05\/visszajelzes-768x170.jpg 768w, https:\/\/cyclebalance.hu\/wp-content\/uploads\/2025\/05\/visszajelzes-1536x340.jpg 1536w, https:\/\/cyclebalance.hu\/wp-content\/uploads\/2025\/05\/visszajelzes-600x133.jpg 600w, https:\/\/cyclebalance.hu\/wp-content\/uploads\/2025\/05\/visszajelzes.jpg 1895w\" sizes=\"(max-width: 1024px) 100vw, 1024px\" \/><\/figure><\/div><div class=\"wp-block-image\"><figure class=\"aligncenter size-large is-resized\"><img loading=\"lazy\" decoding=\"async\" width=\"1024\" height=\"485\" src=\"https:\/\/cyclebalance.hu\/wp-content\/uploads\/2025\/05\/visszaj-1024x485.jpg\" alt=\"\" class=\"wp-image-1148\" style=\"width:586px;height:auto\" srcset=\"https:\/\/cyclebalance.hu\/wp-content\/uploads\/2025\/05\/visszaj-1024x485.jpg 1024w, https:\/\/cyclebalance.hu\/wp-content\/uploads\/2025\/05\/visszaj-300x142.jpg 300w, https:\/\/cyclebalance.hu\/wp-content\/uploads\/2025\/05\/visszaj-768x364.jpg 768w, https:\/\/cyclebalance.hu\/wp-content\/uploads\/2025\/05\/visszaj-600x284.jpg 600w, https:\/\/cyclebalance.hu\/wp-content\/uploads\/2025\/05\/visszaj.jpg 1435w\" sizes=\"(max-width: 1024px) 100vw, 1024px\" \/><\/figure><\/div><div class=\"wp-block-image\"><figure class=\"aligncenter size-full is-resized\"><img loading=\"lazy\" decoding=\"async\" width=\"1024\" height=\"683\" src=\"https:\/\/cyclebalance.hu\/wp-content\/uploads\/2025\/05\/visszaj2.jpg\" alt=\"\" class=\"wp-image-1150\" style=\"width:444px;height:auto\" srcset=\"https:\/\/cyclebalance.hu\/wp-content\/uploads\/2025\/05\/visszaj2.jpg 1024w, https:\/\/cyclebalance.hu\/wp-content\/uploads\/2025\/05\/visszaj2-300x200.jpg 300w, https:\/\/cyclebalance.hu\/wp-content\/uploads\/2025\/05\/visszaj2-768x512.jpg 768w, https:\/\/cyclebalance.hu\/wp-content\/uploads\/2025\/05\/visszaj2-600x400.jpg 600w\" sizes=\"(max-width: 1024px) 100vw, 1024px\" \/><\/figure><\/div>","protected":false},"excerpt":{"rendered":"<p>A CYCLE BALANCE ciklusk\u00f6vet\u00e9si met\u00f3dusa a Billings Ovul\u00e1ci\u00f3s M\u00f3dszer, melynek alapja a m\u00e9hnyak-ny\u00e1k figyelemmel k\u00eds\u00e9r\u00e9se. A ny\u00e1kot a m\u00e9hnyak termeli, amely a nemi hormonok ir\u00e1ny\u00edt\u00e1sa alatt \u00e1ll. Kutat\u00e1sok r\u00e1mutattak, hogy a ny\u00e1k nem csak jelzi a term\u00e9keny id\u0151szakot, hanem fontos a fogamz\u00e1s szempontj\u00e1b\u00f3l is. N\u00e9h\u00e1ny ciklus alatt elsaj\u00e1t\u00edthat\u00f3 a m\u00f3dszer biztons\u00e1gos haszn\u00e1lata, melyhez l\u00e9nyeges a&#8230;<\/p>\n","protected":false},"author":1,"featured_media":0,"parent":0,"menu_order":0,"comment_status":"closed","ping_status":"closed","template":"","meta":{"_kad_post_transparent":"","_kad_post_title":"","_kad_post_layout":"","_kad_post_sidebar_id":"","_kad_post_content_style":"","_kad_post_vertical_padding":"","_kad_post_feature":"","_kad_post_feature_position":"","_kad_post_header":false,"_kad_post_footer":false,"footnotes":""},"class_list":["post-40","page","type-page","status-publish","hentry"],"yoast_head":"<!-- This site is optimized with the Yoast SEO plugin v25.0 - https:\/\/yoast.com\/wordpress\/plugins\/seo\/ -->\n<title>Ciklusk\u00f6vet\u00e9s mag\u00e1noktat\u00e1s - CYCLE BALANCE<\/title>\n<meta name=\"robots\" content=\"index, follow, max-snippet:-1, max-image-preview:large, max-video-preview:-1\" \/>\n<link rel=\"canonical\" href=\"https:\/\/cyclebalance.hu\/?page_id=40\" \/>\n<meta property=\"og:locale\" content=\"hu_HU\" \/>\n<meta property=\"og:type\" content=\"article\" \/>\n<meta property=\"og:title\" content=\"Ciklusk\u00f6vet\u00e9s mag\u00e1noktat\u00e1s - CYCLE BALANCE\" \/>\n<meta property=\"og:description\" content=\"A CYCLE BALANCE ciklusk\u00f6vet\u00e9si met\u00f3dusa a Billings Ovul\u00e1ci\u00f3s M\u00f3dszer, melynek alapja a m\u00e9hnyak-ny\u00e1k figyelemmel k\u00eds\u00e9r\u00e9se. A ny\u00e1kot a m\u00e9hnyak termeli, amely a nemi hormonok ir\u00e1ny\u00edt\u00e1sa alatt \u00e1ll. Kutat\u00e1sok r\u00e1mutattak, hogy a ny\u00e1k nem csak jelzi a term\u00e9keny id\u0151szakot, hanem fontos a fogamz\u00e1s szempontj\u00e1b\u00f3l is. N\u00e9h\u00e1ny ciklus alatt elsaj\u00e1t\u00edthat\u00f3 a m\u00f3dszer biztons\u00e1gos haszn\u00e1lata, melyhez l\u00e9nyeges a...\" \/>\n<meta property=\"og:url\" content=\"https:\/\/cyclebalance.hu\/?page_id=40\" \/>\n<meta property=\"og:site_name\" content=\"CYCLE BALANCE\" \/>\n<meta property=\"article:modified_time\" content=\"2025-06-05T07:14:04+00:00\" \/>\n<meta property=\"og:image\" content=\"https:\/\/cyclebalance.hu\/wp-content\/uploads\/2022\/11\/Nevtelen-terv-2.jpg\" \/>\n\t<meta property=\"og:image:width\" content=\"1633\" \/>\n\t<meta property=\"og:image:height\" content=\"526\" \/>\n\t<meta property=\"og:image:type\" content=\"image\/jpeg\" \/>\n<meta name=\"twitter:card\" content=\"summary_large_image\" \/>\n<meta name=\"twitter:label1\" content=\"Becs\u00fclt olvas\u00e1si id\u0151\" \/>\n\t<meta name=\"twitter:data1\" content=\"3 perc\" \/>\n<script type=\"application\/ld+json\" class=\"yoast-schema-graph\">{\"@context\":\"https:\/\/schema.org\",\"@graph\":[{\"@type\":\"WebPage\",\"@id\":\"https:\/\/cyclebalance.hu\/?page_id=40\",\"url\":\"https:\/\/cyclebalance.hu\/?page_id=40\",\"name\":\"Ciklusk\u00f6vet\u00e9s mag\u00e1noktat\u00e1s - CYCLE BALANCE\",\"isPartOf\":{\"@id\":\"https:\/\/cyclebalance.hu\/#website\"},\"primaryImageOfPage\":{\"@id\":\"https:\/\/cyclebalance.hu\/?page_id=40#primaryimage\"},\"image\":{\"@id\":\"https:\/\/cyclebalance.hu\/?page_id=40#primaryimage\"},\"thumbnailUrl\":\"https:\/\/cyclebalance.hu\/wp-content\/uploads\/2022\/11\/Nevtelen-terv-2-1024x330.jpg\",\"datePublished\":\"2022-05-22T15:38:55+00:00\",\"dateModified\":\"2025-06-05T07:14:04+00:00\",\"breadcrumb\":{\"@id\":\"https:\/\/cyclebalance.hu\/?page_id=40#breadcrumb\"},\"inLanguage\":\"hu\",\"potentialAction\":[{\"@type\":\"ReadAction\",\"target\":[\"https:\/\/cyclebalance.hu\/?page_id=40\"]}]},{\"@type\":\"ImageObject\",\"inLanguage\":\"hu\",\"@id\":\"https:\/\/cyclebalance.hu\/?page_id=40#primaryimage\",\"url\":\"https:\/\/cyclebalance.hu\/wp-content\/uploads\/2022\/11\/Nevtelen-terv-2.jpg\",\"contentUrl\":\"https:\/\/cyclebalance.hu\/wp-content\/uploads\/2022\/11\/Nevtelen-terv-2.jpg\",\"width\":1633,\"height\":526},{\"@type\":\"BreadcrumbList\",\"@id\":\"https:\/\/cyclebalance.hu\/?page_id=40#breadcrumb\",\"itemListElement\":[{\"@type\":\"ListItem\",\"position\":1,\"name\":\"Kezd\u0151lap\",\"item\":\"https:\/\/cyclebalance.hu\/\"},{\"@type\":\"ListItem\",\"position\":2,\"name\":\"Ciklusk\u00f6vet\u00e9s mag\u00e1noktat\u00e1s\"}]},{\"@type\":\"WebSite\",\"@id\":\"https:\/\/cyclebalance.hu\/#website\",\"url\":\"https:\/\/cyclebalance.hu\/\",\"name\":\"CYCLE BALANCE\",\"description\":\"egyens\u00falyban a ciklusom\",\"publisher\":{\"@id\":\"https:\/\/cyclebalance.hu\/#organization\"},\"potentialAction\":[{\"@type\":\"SearchAction\",\"target\":{\"@type\":\"EntryPoint\",\"urlTemplate\":\"https:\/\/cyclebalance.hu\/?s={search_term_string}\"},\"query-input\":{\"@type\":\"PropertyValueSpecification\",\"valueRequired\":true,\"valueName\":\"search_term_string\"}}],\"inLanguage\":\"hu\"},{\"@type\":\"Organization\",\"@id\":\"https:\/\/cyclebalance.hu\/#organization\",\"name\":\"CYCLE BALANCE\",\"url\":\"https:\/\/cyclebalance.hu\/\",\"logo\":{\"@type\":\"ImageObject\",\"inLanguage\":\"hu\",\"@id\":\"https:\/\/cyclebalance.hu\/#\/schema\/logo\/image\/\",\"url\":\"https:\/\/cyclebalance.hu\/wp-content\/uploads\/2022\/11\/cropped-Alcimsor-hozzaadasa-3.jpg\",\"contentUrl\":\"https:\/\/cyclebalance.hu\/wp-content\/uploads\/2022\/11\/cropped-Alcimsor-hozzaadasa-3.jpg\",\"width\":777,\"height\":311,\"caption\":\"CYCLE BALANCE\"},\"image\":{\"@id\":\"https:\/\/cyclebalance.hu\/#\/schema\/logo\/image\/\"}}]}<\/script>\n<!-- \/ Yoast SEO plugin. -->","yoast_head_json":{"title":"Ciklusk\u00f6vet\u00e9s mag\u00e1noktat\u00e1s - CYCLE BALANCE","robots":{"index":"index","follow":"follow","max-snippet":"max-snippet:-1","max-image-preview":"max-image-preview:large","max-video-preview":"max-video-preview:-1"},"canonical":"https:\/\/cyclebalance.hu\/?page_id=40","og_locale":"hu_HU","og_type":"article","og_title":"Ciklusk\u00f6vet\u00e9s mag\u00e1noktat\u00e1s - CYCLE BALANCE","og_description":"A CYCLE BALANCE ciklusk\u00f6vet\u00e9si met\u00f3dusa a Billings Ovul\u00e1ci\u00f3s M\u00f3dszer, melynek alapja a m\u00e9hnyak-ny\u00e1k figyelemmel k\u00eds\u00e9r\u00e9se. A ny\u00e1kot a m\u00e9hnyak termeli, amely a nemi hormonok ir\u00e1ny\u00edt\u00e1sa alatt \u00e1ll. Kutat\u00e1sok r\u00e1mutattak, hogy a ny\u00e1k nem csak jelzi a term\u00e9keny id\u0151szakot, hanem fontos a fogamz\u00e1s szempontj\u00e1b\u00f3l is. N\u00e9h\u00e1ny ciklus alatt elsaj\u00e1t\u00edthat\u00f3 a m\u00f3dszer biztons\u00e1gos haszn\u00e1lata, melyhez l\u00e9nyeges a...","og_url":"https:\/\/cyclebalance.hu\/?page_id=40","og_site_name":"CYCLE BALANCE","article_modified_time":"2025-06-05T07:14:04+00:00","og_image":[{"width":1633,"height":526,"url":"https:\/\/cyclebalance.hu\/wp-content\/uploads\/2022\/11\/Nevtelen-terv-2.jpg","type":"image\/jpeg"}],"twitter_card":"summary_large_image","twitter_misc":{"Becs\u00fclt olvas\u00e1si id\u0151":"3 perc"},"schema":{"@context":"https:\/\/schema.org","@graph":[{"@type":"WebPage","@id":"https:\/\/cyclebalance.hu\/?page_id=40","url":"https:\/\/cyclebalance.hu\/?page_id=40","name":"Ciklusk\u00f6vet\u00e9s mag\u00e1noktat\u00e1s - CYCLE BALANCE","isPartOf":{"@id":"https:\/\/cyclebalance.hu\/#website"},"primaryImageOfPage":{"@id":"https:\/\/cyclebalance.hu\/?page_id=40#primaryimage"},"image":{"@id":"https:\/\/cyclebalance.hu\/?page_id=40#primaryimage"},"thumbnailUrl":"https:\/\/cyclebalance.hu\/wp-content\/uploads\/2022\/11\/Nevtelen-terv-2-1024x330.jpg","datePublished":"2022-05-22T15:38:55+00:00","dateModified":"2025-06-05T07:14:04+00:00","breadcrumb":{"@id":"https:\/\/cyclebalance.hu\/?page_id=40#breadcrumb"},"inLanguage":"hu","potentialAction":[{"@type":"ReadAction","target":["https:\/\/cyclebalance.hu\/?page_id=40"]}]},{"@type":"ImageObject","inLanguage":"hu","@id":"https:\/\/cyclebalance.hu\/?page_id=40#primaryimage","url":"https:\/\/cyclebalance.hu\/wp-content\/uploads\/2022\/11\/Nevtelen-terv-2.jpg","contentUrl":"https:\/\/cyclebalance.hu\/wp-content\/uploads\/2022\/11\/Nevtelen-terv-2.jpg","width":1633,"height":526},{"@type":"BreadcrumbList","@id":"https:\/\/cyclebalance.hu\/?page_id=40#breadcrumb","itemListElement":[{"@type":"ListItem","position":1,"name":"Kezd\u0151lap","item":"https:\/\/cyclebalance.hu\/"},{"@type":"ListItem","position":2,"name":"Ciklusk\u00f6vet\u00e9s mag\u00e1noktat\u00e1s"}]},{"@type":"WebSite","@id":"https:\/\/cyclebalance.hu\/#website","url":"https:\/\/cyclebalance.hu\/","name":"CYCLE BALANCE","description":"egyens\u00falyban a ciklusom","publisher":{"@id":"https:\/\/cyclebalance.hu\/#organization"},"potentialAction":[{"@type":"SearchAction","target":{"@type":"EntryPoint","urlTemplate":"https:\/\/cyclebalance.hu\/?s={search_term_string}"},"query-input":{"@type":"PropertyValueSpecification","valueRequired":true,"valueName":"search_term_string"}}],"inLanguage":"hu"},{"@type":"Organization","@id":"https:\/\/cyclebalance.hu\/#organization","name":"CYCLE BALANCE","url":"https:\/\/cyclebalance.hu\/","logo":{"@type":"ImageObject","inLanguage":"hu","@id":"https:\/\/cyclebalance.hu\/#\/schema\/logo\/image\/","url":"https:\/\/cyclebalance.hu\/wp-content\/uploads\/2022\/11\/cropped-Alcimsor-hozzaadasa-3.jpg","contentUrl":"https:\/\/cyclebalance.hu\/wp-content\/uploads\/2022\/11\/cropped-Alcimsor-hozzaadasa-3.jpg","width":777,"height":311,"caption":"CYCLE BALANCE"},"image":{"@id":"https:\/\/cyclebalance.hu\/#\/schema\/logo\/image\/"}}]}},"_links":{"self":[{"href":"https:\/\/cyclebalance.hu\/index.php?rest_route=\/wp\/v2\/pages\/40","targetHints":{"allow":["GET"]}}],"collection":[{"href":"https:\/\/cyclebalance.hu\/index.php?rest_route=\/wp\/v2\/pages"}],"about":[{"href":"https:\/\/cyclebalance.hu\/index.php?rest_route=\/wp\/v2\/types\/page"}],"author":[{"embeddable":true,"href":"https:\/\/cyclebalance.hu\/index.php?rest_route=\/wp\/v2\/users\/1"}],"replies":[{"embeddable":true,"href":"https:\/\/cyclebalance.hu\/index.php?rest_route=%2Fwp%2Fv2%2Fcomments&post=40"}],"version-history":[{"count":79,"href":"https:\/\/cyclebalance.hu\/index.php?rest_route=\/wp\/v2\/pages\/40\/revisions"}],"predecessor-version":[{"id":1164,"href":"https:\/\/cyclebalance.hu\/index.php?rest_route=\/wp\/v2\/pages\/40\/revisions\/1164"}],"wp:attachment":[{"href":"https:\/\/cyclebalance.hu\/index.php?rest_route=%2Fwp%2Fv2%2Fmedia&parent=40"}],"curies":[{"name":"wp","href":"https:\/\/api.w.org\/{rel}","templated":true}]}}