{"id":42,"date":"2022-05-22T15:40:06","date_gmt":"2022-05-22T15:40:06","guid":{"rendered":"https:\/\/cyclebalance.hu\/?page_id=42"},"modified":"2025-05-28T14:54:19","modified_gmt":"2025-05-28T14:54:19","slug":"vegan-eletmod-tanacsadas","status":"publish","type":"page","link":"https:\/\/cyclebalance.hu\/?page_id=42","title":{"rendered":"\u00c9letm\u00f3d \u00e9s T\u00e1pl\u00e1lkoz\u00e1si tan\u00e1csad\u00e1s"},"content":{"rendered":"<p class=\"has-text-align-center\" style=\"font-size:22px\"><\/p><div class=\"wp-block-image\"><figure class=\"aligncenter size-full is-resized\"><img fetchpriority=\"high\" decoding=\"async\" width=\"763\" height=\"914\" src=\"https:\/\/cyclebalance.hu\/wp-content\/uploads\/2023\/02\/zita.jpg\" alt=\"\" class=\"wp-image-1016\" style=\"width:289px;height:347px\" srcset=\"https:\/\/cyclebalance.hu\/wp-content\/uploads\/2023\/02\/zita.jpg 763w, https:\/\/cyclebalance.hu\/wp-content\/uploads\/2023\/02\/zita-250x300.jpg 250w, https:\/\/cyclebalance.hu\/wp-content\/uploads\/2023\/02\/zita-600x719.jpg 600w\" sizes=\"(max-width: 763px) 100vw, 763px\" \/><\/figure><\/div><p class=\"has-black-color has-text-color\"><strong>Nyugati t\u00e1rsadalom \u00e9letm\u00f3dja \u00e9s \u00e9tkez\u00e9se \u00f6sszef\u00fcgg\u00e9sben \u00e1ll a kr\u00f3nikus betegs\u00e9gek kialakul\u00e1s\u00e1val. (P\u00e9ld\u00e1ul a sz\u00edv- \u00e9s \u00e9rrendszeri megbeteged\u00e9sek \u00e9s a 2-es t\u00edpus\u00fa cukorbetegs\u00e9g). Ezek a betegs\u00e9gek egyre s\u00falyosabb probl\u00e9m\u00e1t jelentenek. Eur\u00f3p\u00e1ban \u00e9vente 4&nbsp;milli\u00f3an halnak meg kr\u00f3nikus betegs\u00e9gre visszavezethet\u0151 okok miatt, ami a hal\u00e1lesetek 86%-\u00e1t teszi ki.<\/strong><br>A kr\u00f3nikus betegs\u00e9gek lassan, hossz\u00fa \u00e9vek alatt alakulnak ki. Sz\u00e1mtalan ember \u00e9let\u00e9t nehez\u00edtik meg, \u00e9s az eg\u00e9szs\u00e9g\u00fcgyi rendszerekre is hatalmas terhet r\u00f3nak. Az Eur\u00f3pai Uni\u00f3ban az eg\u00e9szs\u00e9g\u00fcgyi ell\u00e1t\u00e1s k\u00f6lts\u00e9geinek 70\u201380%-\u00e1t (mintegy 700 milli\u00e1rd eur\u00f3t) kell a kezel\u00e9s\u00fckre ford\u00edtani.*<\/p><p class=\"has-black-color has-text-color\">T\u00e9ny s val\u00f3, hogy az \u00e9letm\u00f3dot lehet rosszul is folytatni. <strong>Ha t\u00fal egyhang\u00fa \u00e9s t\u00e1panyagszeg\u00e9ny az \u00e9tkez\u00e9s\u00fcnk, nem tudjuk mire is kellene odafigyeln\u00fcnk, val\u00f3ban lebetegedhet\u00fcnk, melyet ak\u00e1r csak \u00e9vek m\u00falt\u00e1n kezd\u00fcnk el meg\u00e9rezni.<\/strong><br><strong>Ha<\/strong> <strong>megtal\u00e1ljuk a sz\u00e1munkra legmegfelel\u0151bb \u00e9letform\u00e1t kicsattan\u00f3 eg\u00e9szs\u00e9gben \u00e9lvezhetj\u00fck napjainkat az id\u0151 m\u00fal\u00e1s\u00e1val is!<\/strong><\/p><p class=\"has-text-color has-link-color wp-elements-24389906655719ec2286f06e85e470e7\" style=\"color:#000000\">\u00c9n 7,5 \u00e9vvel ezel\u0151tt v\u00e1ltottam \u00e9letm\u00f3dot. Hosszas felf\u00e1z\u00e1sb\u00f3l nem tudtam kigy\u00f3gyulni, egy \u00e9ven kereszt\u00fcl antibiotikumokkal kezeltek, mivel nem javult \u00e1llapotom egyre er\u0151sebb antibiotikumokhoz ny\u00faltak, majd a v\u00e9g\u00e9n m\u00e1r injekci\u00f3n kereszt\u00fcl kaptam \u0151ket. K\u00e9ts\u00e9gbeejt\u0151 volt, hogy nem tudok meggy\u00f3gyulni. Egyszercsak 7,5 \u00e9ve egy bar\u00e1tom elmes\u00e9lte, hogy vega lett, ki akarta pr\u00f3b\u00e1lni mert \u00edgy \u00e9tkezni k\u00f6rnyezettudatosabb. Tetszett a gondolat, hogy azzal mi ker\u00fcl a t\u00e1ny\u00e9romra j\u00f3t tehetek a bolyg\u00f3nak, \u00edgy bele\u00e1stam magam a t\u00e9m\u00e1ba, r\u00e1j\u00f6ttem, hogy egy j\u00f3l \u00f6ssze\u00e1ll\u00edtott vega, vagy teljesen n\u00f6v\u00e9nyi alap\u00fa \u00e9trend kifejezetten kedvez\u0151 hat\u00e1ssal lehet az eg\u00e9szs\u00e9gre, \u00edgy \u00fagy d\u00f6nt\u00f6ttem kipr\u00f3b\u00e1lom nekem hogyan tetszik ez. Majd elkezdtem kiz\u00e1rni a k\u00e1ros kozmetikumokat, vegyszereket \u00e9s foglalkozni kezdtem a mindfulness-el is. <strong>Sz\u00e1mos pozit\u00edv hat\u00e1s\u00e1t \u00e9szleltem a teljes \u00e9letm\u00f3dv\u00e1lt\u00e1somnak az \u00e9vek sor\u00e1n kiv\u00e1ltk\u00e9pp az immunrendszerem feler\u0151s\u00f6d\u00e9s\u00e9t \u00e9s az eg\u00e9szs\u00e9gem fel\u00e9p\u00fcl\u00e9s\u00e9t.<\/strong> <br>Att\u00f3l f\u00fcggetlen\u00fcl, hogy nekem ez a sz\u00e9ls\u0151s\u00e9gesebbnek mondhat\u00f3 l\u00e9p\u00e9s m\u0171k\u00f6d\u00f6tt, nem gondolom azt, hogy az \u00e9letm\u00f3dv\u00e1lt\u00e1st mindenkinek \u00edgy kell v\u00e9geznie. <strong>A c\u00e9l mindig az eg\u00e9szs\u00e9gre val\u00f3 t\u00f6rekv\u00e9s, a rugalmass\u00e1g. B\u0171ntudat helyett a f\u0151 f\u00f3kusz az eg\u00e9szs\u00e9ges \u00e9telek fogyaszt\u00e1sa \u00e1lljon, mely mellett alkalmi \u201eeg\u00e9szs\u00e9gtelenebb\u201d \u00e9teleknek is lehet helyet tal\u00e1lni.<\/strong> <\/p><p class=\"has-black-color has-text-color\"><strong>CYCLE BALANCE \u00e9letm\u00f3d tan\u00e1csad\u00e1s<\/strong> ig\u00e9nybev\u00e9tel\u00e9vel \u00c9letm\u00f3d tan\u00e1csad\u00f3k\u00e9nt seg\u00edts\u00e9gforr\u00e1s lehetek Neked abban, hogy javaslataim megfogad\u00e1s\u00e1val min\u00e9l eg\u00e9szs\u00e9gesebben \u00e9ld a mindennapjaid. <br>T\u00e1pl\u00e1lkoz\u00e1sod \u00e9s \u00e9letm\u00f3dod 1 hetes, de minimum egy 3 napos felm\u00e9r\u00e9s \u00e1ttekint\u00e9s\u00e9vel kezdj\u00fck, mely sor\u00e1n egy <strong>\u201e\u00c9letm\u00f3d felm\u00e9r\u00e9si napl\u00f3t\u201d<\/strong> t\u00f6ltesz ki, majd egy ezt k\u00f6vet\u0151 <strong>konzult\u00e1ci\u00f3<\/strong> sor\u00e1n elemezz\u00fck a napl\u00f3d, javaslatokat teszek, melyek megfogad\u00e1s\u00e1val egy <strong>21 napos \u201e\u00c9letm\u00f3d jav\u00edt\u00f3 napl\u00f3\u201d<\/strong> t\u00f6lt\u00e9s\u00e9t kezded el. A 3 h\u00e9t befejezt\u00e9vel egy <strong>kontroll<\/strong>t is tartunk. A c\u00e9lkit\u0171z\u00e9s\u00fcnk k\u00f6z\u00e9rzeted, fizikai \u00e1llapotod, energiaszinted javul\u00e1s\u00e1nak el\u00e9r\u00e9se.<\/p><p class=\"has-text-align-center has-text-color has-link-color wp-elements-fdb880e319dcbf384d34990833175632\" style=\"color:#000000\">A konzult\u00e1ci\u00f3 \u00e9s kontroll d\u00edja egyben: 35 000 Ft<\/p><p class=\"has-black-color has-text-color\">Konzult\u00e1ci\u00f3 alkalm\u00e1val 1,5 \u00f3r\u00e1s online tal\u00e1lkoz\u00f3 keret\u00e9n bel\u00fcl r\u00e9szletesen \u00e1tbesz\u00e9lj\u00fck az \u00e9tkez\u00e9si \u00e9s \u00e9letm\u00f3dbeli szok\u00e1saidat elmond\u00e1sod \u00e9s a kit\u00f6lt\u00f6tt \u201e\u00c9letm\u00f3d felm\u00e9r\u00e9si napl\u00f3d\u201d alapj\u00e1n, k\u00e9rd\u00e9seket tehetsz fel. <br>A 21 napos \u201e\u00c9letm\u00f3d jav\u00edt\u00f3 napl\u00f3t\u201d k\u00f6vet\u0151en aj\u00e1nlott egy kontroll, hogy \u00e1tn\u00e9zz\u00fck vannak-e m\u00e9g hib\u00e1k, sz\u00fcks\u00e9ged van-e seg\u00edts\u00e9gre. <br><br>Term\u00e9szetesen ha a j\u00f6v\u0151ben is seg\u00edts\u00e9gre lenne ig\u00e9nyed, rendszeres vagy ism\u00e9tl\u0151d\u0151 kontrollokat szeretn\u00e9l b\u00e1rmikor felkereshetsz \u00fajra.<\/p><h2 class=\"wp-block-heading has-black-color has-text-color\" style=\"font-size:30px\"><mark style=\"background-color:rgba(0, 0, 0, 0);color:#545c6a\" class=\"has-inline-color\"><em><strong>Jelentkez\u00e9s:<\/strong><\/em><\/mark><\/h2><p class=\"has-black-color has-text-color\"><em>K\u00e9rlek jel\u00f6ld meg az \u00fczenetben, hogy a \u201e<strong>tan\u00e1csad\u00e1s<\/strong>\u201d \u00e9rdeklel!<\/em><\/p><div class=\"wpforms-container wpforms-container-full wpforms-block wpforms-block-8066edc0-f3ca-44ba-9a89-d325b23191a4\" id=\"wpforms-35\"><form id=\"wpforms-form-35\" class=\"wpforms-validate wpforms-form wpforms-ajax-form\" data-formid=\"35\" method=\"post\" enctype=\"multipart\/form-data\" action=\"\/index.php?rest_route=%2Fwp%2Fv2%2Fpages%2F42\" data-token=\"a29b5a9fd553accb6abd40efda9e37e3\" data-token-time=\"1777535073\"><noscript class=\"wpforms-error-noscript\">Please enable JavaScript in your browser to complete this form.<\/noscript><div class=\"wpforms-field-container\"><div id=\"wpforms-35-field_0-container\" class=\"wpforms-field wpforms-field-name\" data-field-id=\"0\"><label class=\"wpforms-field-label\" for=\"wpforms-35-field_0\">N\u00e9v <span class=\"wpforms-required-label\">*<\/span><\/label><input type=\"text\" id=\"wpforms-35-field_0\" class=\"wpforms-field-medium wpforms-field-required\" name=\"wpforms[fields][0]\" required><\/div><div id=\"wpforms-35-field_1-container\" class=\"wpforms-field wpforms-field-email\" data-field-id=\"1\"><label class=\"wpforms-field-label\" for=\"wpforms-35-field_1\">Email <span class=\"wpforms-required-label\">*<\/span><\/label><input type=\"email\" id=\"wpforms-35-field_1\" class=\"wpforms-field-medium wpforms-field-required\" name=\"wpforms[fields][1]\" spellcheck=\"false\" required><\/div><div id=\"wpforms-35-field_2-container\" class=\"wpforms-field wpforms-field-textarea\" data-field-id=\"2\"><label class=\"wpforms-field-label\" for=\"wpforms-35-field_2\">\u00dczenet <span class=\"wpforms-required-label\">*<\/span><\/label><textarea id=\"wpforms-35-field_2\" class=\"wpforms-field-medium wpforms-field-required\" name=\"wpforms[fields][2]\" required><\/textarea><\/div><\/div><!-- .wpforms-field-container --><div class=\"wpforms-submit-container\" ><input type=\"hidden\" name=\"wpforms[id]\" value=\"35\"><input type=\"hidden\" name=\"page_title\" value=\"\"><input type=\"hidden\" name=\"page_url\" value=\"https:\/\/cyclebalance.hu\/index.php?rest_route=\/wp\/v2\/pages\/42\"><input type=\"hidden\" name=\"url_referer\" value=\"\"><button type=\"submit\" name=\"wpforms[submit]\" id=\"wpforms-submit-35\" class=\"wpforms-submit\" data-alt-text=\"K\u00fcld\u00e9s...\" data-submit-text=\"K\u00fcld\u00e9s\" aria-live=\"assertive\" value=\"wpforms-submit\">K\u00fcld\u00e9s<\/button><img decoding=\"async\" src=\"https:\/\/cyclebalance.hu\/wp-content\/plugins\/wpforms-lite\/assets\/images\/submit-spin.svg\" class=\"wpforms-submit-spinner\" style=\"display: none;\" width=\"26\" height=\"26\" alt=\"Loading\"><\/div><\/form><\/div>  <!-- .wpforms-container --><p class=\"has-text-align-center\">Visszajelz\u00e9s:<\/p><div class=\"wp-block-image\"><figure class=\"aligncenter size-large is-resized\"><img decoding=\"async\" width=\"1024\" height=\"548\" src=\"https:\/\/cyclebalance.hu\/wp-content\/uploads\/2025\/04\/ajanlasagnes-1024x548.jpg\" alt=\"\" class=\"wp-image-1073\" style=\"width:685px;height:auto\" srcset=\"https:\/\/cyclebalance.hu\/wp-content\/uploads\/2025\/04\/ajanlasagnes-1024x548.jpg 1024w, https:\/\/cyclebalance.hu\/wp-content\/uploads\/2025\/04\/ajanlasagnes-300x160.jpg 300w, https:\/\/cyclebalance.hu\/wp-content\/uploads\/2025\/04\/ajanlasagnes-768x411.jpg 768w, https:\/\/cyclebalance.hu\/wp-content\/uploads\/2025\/04\/ajanlasagnes-600x321.jpg 600w, https:\/\/cyclebalance.hu\/wp-content\/uploads\/2025\/04\/ajanlasagnes.jpg 1292w\" sizes=\"(max-width: 1024px) 100vw, 1024px\" \/><\/figure><\/div><div class=\"wp-block-image\"><figure class=\"aligncenter size-large is-resized\"><img loading=\"lazy\" decoding=\"async\" width=\"1024\" height=\"401\" src=\"https:\/\/cyclebalance.hu\/wp-content\/uploads\/2025\/04\/ajanlasberta-1024x401.jpg\" alt=\"\" class=\"wp-image-1074\" style=\"width:688px;height:auto\" srcset=\"https:\/\/cyclebalance.hu\/wp-content\/uploads\/2025\/04\/ajanlasberta-1024x401.jpg 1024w, https:\/\/cyclebalance.hu\/wp-content\/uploads\/2025\/04\/ajanlasberta-300x117.jpg 300w, https:\/\/cyclebalance.hu\/wp-content\/uploads\/2025\/04\/ajanlasberta-768x300.jpg 768w, https:\/\/cyclebalance.hu\/wp-content\/uploads\/2025\/04\/ajanlasberta-600x235.jpg 600w, https:\/\/cyclebalance.hu\/wp-content\/uploads\/2025\/04\/ajanlasberta.jpg 1490w\" sizes=\"(max-width: 1024px) 100vw, 1024px\" \/><\/figure><\/div><div class=\"wp-block-image\"><figure class=\"aligncenter size-full is-resized\"><img loading=\"lazy\" decoding=\"async\" width=\"1024\" height=\"683\" src=\"https:\/\/cyclebalance.hu\/wp-content\/uploads\/2025\/05\/visszaj2.jpg\" alt=\"\" class=\"wp-image-1150\" style=\"width:444px;height:auto\" srcset=\"https:\/\/cyclebalance.hu\/wp-content\/uploads\/2025\/05\/visszaj2.jpg 1024w, https:\/\/cyclebalance.hu\/wp-content\/uploads\/2025\/05\/visszaj2-300x200.jpg 300w, https:\/\/cyclebalance.hu\/wp-content\/uploads\/2025\/05\/visszaj2-768x512.jpg 768w, https:\/\/cyclebalance.hu\/wp-content\/uploads\/2025\/05\/visszaj2-600x400.jpg 600w\" sizes=\"(max-width: 1024px) 100vw, 1024px\" \/><\/figure><\/div><p><br><br><br><br>* forr\u00e1s: <a href=\"https:\/\/ec.europa.eu\/health\/newsletter\/169\/focus_newsletter_hu.htm\">ec.europa.eu<\/a><\/p>","protected":false},"excerpt":{"rendered":"<p>Nyugati t\u00e1rsadalom \u00e9letm\u00f3dja \u00e9s \u00e9tkez\u00e9se \u00f6sszef\u00fcgg\u00e9sben \u00e1ll a kr\u00f3nikus betegs\u00e9gek kialakul\u00e1s\u00e1val. (P\u00e9ld\u00e1ul a sz\u00edv- \u00e9s \u00e9rrendszeri megbeteged\u00e9sek \u00e9s a 2-es t\u00edpus\u00fa cukorbetegs\u00e9g). Ezek a betegs\u00e9gek egyre s\u00falyosabb probl\u00e9m\u00e1t jelentenek. Eur\u00f3p\u00e1ban \u00e9vente 4&nbsp;milli\u00f3an halnak meg kr\u00f3nikus betegs\u00e9gre visszavezethet\u0151 okok miatt, ami a hal\u00e1lesetek 86%-\u00e1t teszi ki.A kr\u00f3nikus betegs\u00e9gek lassan, hossz\u00fa \u00e9vek alatt alakulnak ki. Sz\u00e1mtalan ember&#8230;<\/p>\n","protected":false},"author":1,"featured_media":0,"parent":0,"menu_order":0,"comment_status":"closed","ping_status":"closed","template":"","meta":{"_kad_post_transparent":"","_kad_post_title":"","_kad_post_layout":"","_kad_post_sidebar_id":"","_kad_post_content_style":"","_kad_post_vertical_padding":"","_kad_post_feature":"","_kad_post_feature_position":"","_kad_post_header":false,"_kad_post_footer":false,"footnotes":""},"class_list":["post-42","page","type-page","status-publish","hentry"],"yoast_head":"<!-- This site is optimized with the Yoast SEO plugin v25.0 - https:\/\/yoast.com\/wordpress\/plugins\/seo\/ -->\n<title>\u00c9letm\u00f3d \u00e9s T\u00e1pl\u00e1lkoz\u00e1si tan\u00e1csad\u00e1s - CYCLE BALANCE<\/title>\n<meta name=\"robots\" content=\"index, follow, max-snippet:-1, max-image-preview:large, max-video-preview:-1\" \/>\n<link rel=\"canonical\" href=\"https:\/\/cyclebalance.hu\/?page_id=42\" \/>\n<meta property=\"og:locale\" content=\"hu_HU\" \/>\n<meta property=\"og:type\" content=\"article\" \/>\n<meta property=\"og:title\" content=\"\u00c9letm\u00f3d \u00e9s T\u00e1pl\u00e1lkoz\u00e1si tan\u00e1csad\u00e1s - CYCLE BALANCE\" \/>\n<meta property=\"og:description\" content=\"Nyugati t\u00e1rsadalom \u00e9letm\u00f3dja \u00e9s \u00e9tkez\u00e9se \u00f6sszef\u00fcgg\u00e9sben \u00e1ll a kr\u00f3nikus betegs\u00e9gek kialakul\u00e1s\u00e1val. (P\u00e9ld\u00e1ul a sz\u00edv- \u00e9s \u00e9rrendszeri megbeteged\u00e9sek \u00e9s a 2-es t\u00edpus\u00fa cukorbetegs\u00e9g). Ezek a betegs\u00e9gek egyre s\u00falyosabb probl\u00e9m\u00e1t jelentenek. Eur\u00f3p\u00e1ban \u00e9vente 4&nbsp;milli\u00f3an halnak meg kr\u00f3nikus betegs\u00e9gre visszavezethet\u0151 okok miatt, ami a hal\u00e1lesetek 86%-\u00e1t teszi ki.A kr\u00f3nikus betegs\u00e9gek lassan, hossz\u00fa \u00e9vek alatt alakulnak ki. Sz\u00e1mtalan ember...\" \/>\n<meta property=\"og:url\" content=\"https:\/\/cyclebalance.hu\/?page_id=42\" \/>\n<meta property=\"og:site_name\" content=\"CYCLE BALANCE\" \/>\n<meta property=\"article:modified_time\" content=\"2025-05-28T14:54:19+00:00\" \/>\n<meta property=\"og:image\" content=\"https:\/\/cyclebalance.hu\/wp-content\/uploads\/2023\/02\/zita.jpg\" \/>\n\t<meta property=\"og:image:width\" content=\"763\" \/>\n\t<meta property=\"og:image:height\" content=\"914\" \/>\n\t<meta property=\"og:image:type\" content=\"image\/jpeg\" \/>\n<meta name=\"twitter:card\" content=\"summary_large_image\" \/>\n<meta name=\"twitter:label1\" content=\"Becs\u00fclt olvas\u00e1si id\u0151\" \/>\n\t<meta name=\"twitter:data1\" content=\"4 perc\" \/>\n<script type=\"application\/ld+json\" class=\"yoast-schema-graph\">{\"@context\":\"https:\/\/schema.org\",\"@graph\":[{\"@type\":\"WebPage\",\"@id\":\"https:\/\/cyclebalance.hu\/?page_id=42\",\"url\":\"https:\/\/cyclebalance.hu\/?page_id=42\",\"name\":\"\u00c9letm\u00f3d \u00e9s T\u00e1pl\u00e1lkoz\u00e1si tan\u00e1csad\u00e1s - CYCLE BALANCE\",\"isPartOf\":{\"@id\":\"https:\/\/cyclebalance.hu\/#website\"},\"primaryImageOfPage\":{\"@id\":\"https:\/\/cyclebalance.hu\/?page_id=42#primaryimage\"},\"image\":{\"@id\":\"https:\/\/cyclebalance.hu\/?page_id=42#primaryimage\"},\"thumbnailUrl\":\"https:\/\/cyclebalance.hu\/wp-content\/uploads\/2023\/02\/zita.jpg\",\"datePublished\":\"2022-05-22T15:40:06+00:00\",\"dateModified\":\"2025-05-28T14:54:19+00:00\",\"breadcrumb\":{\"@id\":\"https:\/\/cyclebalance.hu\/?page_id=42#breadcrumb\"},\"inLanguage\":\"hu\",\"potentialAction\":[{\"@type\":\"ReadAction\",\"target\":[\"https:\/\/cyclebalance.hu\/?page_id=42\"]}]},{\"@type\":\"ImageObject\",\"inLanguage\":\"hu\",\"@id\":\"https:\/\/cyclebalance.hu\/?page_id=42#primaryimage\",\"url\":\"https:\/\/cyclebalance.hu\/wp-content\/uploads\/2023\/02\/zita.jpg\",\"contentUrl\":\"https:\/\/cyclebalance.hu\/wp-content\/uploads\/2023\/02\/zita.jpg\",\"width\":763,\"height\":914},{\"@type\":\"BreadcrumbList\",\"@id\":\"https:\/\/cyclebalance.hu\/?page_id=42#breadcrumb\",\"itemListElement\":[{\"@type\":\"ListItem\",\"position\":1,\"name\":\"Kezd\u0151lap\",\"item\":\"https:\/\/cyclebalance.hu\/\"},{\"@type\":\"ListItem\",\"position\":2,\"name\":\"\u00c9letm\u00f3d \u00e9s T\u00e1pl\u00e1lkoz\u00e1si tan\u00e1csad\u00e1s\"}]},{\"@type\":\"WebSite\",\"@id\":\"https:\/\/cyclebalance.hu\/#website\",\"url\":\"https:\/\/cyclebalance.hu\/\",\"name\":\"CYCLE BALANCE\",\"description\":\"egyens\u00falyban a ciklusom\",\"publisher\":{\"@id\":\"https:\/\/cyclebalance.hu\/#organization\"},\"potentialAction\":[{\"@type\":\"SearchAction\",\"target\":{\"@type\":\"EntryPoint\",\"urlTemplate\":\"https:\/\/cyclebalance.hu\/?s={search_term_string}\"},\"query-input\":{\"@type\":\"PropertyValueSpecification\",\"valueRequired\":true,\"valueName\":\"search_term_string\"}}],\"inLanguage\":\"hu\"},{\"@type\":\"Organization\",\"@id\":\"https:\/\/cyclebalance.hu\/#organization\",\"name\":\"CYCLE BALANCE\",\"url\":\"https:\/\/cyclebalance.hu\/\",\"logo\":{\"@type\":\"ImageObject\",\"inLanguage\":\"hu\",\"@id\":\"https:\/\/cyclebalance.hu\/#\/schema\/logo\/image\/\",\"url\":\"https:\/\/cyclebalance.hu\/wp-content\/uploads\/2022\/11\/cropped-Alcimsor-hozzaadasa-3.jpg\",\"contentUrl\":\"https:\/\/cyclebalance.hu\/wp-content\/uploads\/2022\/11\/cropped-Alcimsor-hozzaadasa-3.jpg\",\"width\":777,\"height\":311,\"caption\":\"CYCLE BALANCE\"},\"image\":{\"@id\":\"https:\/\/cyclebalance.hu\/#\/schema\/logo\/image\/\"}}]}<\/script>\n<!-- \/ Yoast SEO plugin. -->","yoast_head_json":{"title":"\u00c9letm\u00f3d \u00e9s T\u00e1pl\u00e1lkoz\u00e1si tan\u00e1csad\u00e1s - CYCLE BALANCE","robots":{"index":"index","follow":"follow","max-snippet":"max-snippet:-1","max-image-preview":"max-image-preview:large","max-video-preview":"max-video-preview:-1"},"canonical":"https:\/\/cyclebalance.hu\/?page_id=42","og_locale":"hu_HU","og_type":"article","og_title":"\u00c9letm\u00f3d \u00e9s T\u00e1pl\u00e1lkoz\u00e1si tan\u00e1csad\u00e1s - CYCLE BALANCE","og_description":"Nyugati t\u00e1rsadalom \u00e9letm\u00f3dja \u00e9s \u00e9tkez\u00e9se \u00f6sszef\u00fcgg\u00e9sben \u00e1ll a kr\u00f3nikus betegs\u00e9gek kialakul\u00e1s\u00e1val. (P\u00e9ld\u00e1ul a sz\u00edv- \u00e9s \u00e9rrendszeri megbeteged\u00e9sek \u00e9s a 2-es t\u00edpus\u00fa cukorbetegs\u00e9g). Ezek a betegs\u00e9gek egyre s\u00falyosabb probl\u00e9m\u00e1t jelentenek. Eur\u00f3p\u00e1ban \u00e9vente 4&nbsp;milli\u00f3an halnak meg kr\u00f3nikus betegs\u00e9gre visszavezethet\u0151 okok miatt, ami a hal\u00e1lesetek 86%-\u00e1t teszi ki.A kr\u00f3nikus betegs\u00e9gek lassan, hossz\u00fa \u00e9vek alatt alakulnak ki. Sz\u00e1mtalan ember...","og_url":"https:\/\/cyclebalance.hu\/?page_id=42","og_site_name":"CYCLE BALANCE","article_modified_time":"2025-05-28T14:54:19+00:00","og_image":[{"width":763,"height":914,"url":"https:\/\/cyclebalance.hu\/wp-content\/uploads\/2023\/02\/zita.jpg","type":"image\/jpeg"}],"twitter_card":"summary_large_image","twitter_misc":{"Becs\u00fclt olvas\u00e1si id\u0151":"4 perc"},"schema":{"@context":"https:\/\/schema.org","@graph":[{"@type":"WebPage","@id":"https:\/\/cyclebalance.hu\/?page_id=42","url":"https:\/\/cyclebalance.hu\/?page_id=42","name":"\u00c9letm\u00f3d \u00e9s T\u00e1pl\u00e1lkoz\u00e1si tan\u00e1csad\u00e1s - CYCLE BALANCE","isPartOf":{"@id":"https:\/\/cyclebalance.hu\/#website"},"primaryImageOfPage":{"@id":"https:\/\/cyclebalance.hu\/?page_id=42#primaryimage"},"image":{"@id":"https:\/\/cyclebalance.hu\/?page_id=42#primaryimage"},"thumbnailUrl":"https:\/\/cyclebalance.hu\/wp-content\/uploads\/2023\/02\/zita.jpg","datePublished":"2022-05-22T15:40:06+00:00","dateModified":"2025-05-28T14:54:19+00:00","breadcrumb":{"@id":"https:\/\/cyclebalance.hu\/?page_id=42#breadcrumb"},"inLanguage":"hu","potentialAction":[{"@type":"ReadAction","target":["https:\/\/cyclebalance.hu\/?page_id=42"]}]},{"@type":"ImageObject","inLanguage":"hu","@id":"https:\/\/cyclebalance.hu\/?page_id=42#primaryimage","url":"https:\/\/cyclebalance.hu\/wp-content\/uploads\/2023\/02\/zita.jpg","contentUrl":"https:\/\/cyclebalance.hu\/wp-content\/uploads\/2023\/02\/zita.jpg","width":763,"height":914},{"@type":"BreadcrumbList","@id":"https:\/\/cyclebalance.hu\/?page_id=42#breadcrumb","itemListElement":[{"@type":"ListItem","position":1,"name":"Kezd\u0151lap","item":"https:\/\/cyclebalance.hu\/"},{"@type":"ListItem","position":2,"name":"\u00c9letm\u00f3d \u00e9s T\u00e1pl\u00e1lkoz\u00e1si tan\u00e1csad\u00e1s"}]},{"@type":"WebSite","@id":"https:\/\/cyclebalance.hu\/#website","url":"https:\/\/cyclebalance.hu\/","name":"CYCLE BALANCE","description":"egyens\u00falyban a ciklusom","publisher":{"@id":"https:\/\/cyclebalance.hu\/#organization"},"potentialAction":[{"@type":"SearchAction","target":{"@type":"EntryPoint","urlTemplate":"https:\/\/cyclebalance.hu\/?s={search_term_string}"},"query-input":{"@type":"PropertyValueSpecification","valueRequired":true,"valueName":"search_term_string"}}],"inLanguage":"hu"},{"@type":"Organization","@id":"https:\/\/cyclebalance.hu\/#organization","name":"CYCLE BALANCE","url":"https:\/\/cyclebalance.hu\/","logo":{"@type":"ImageObject","inLanguage":"hu","@id":"https:\/\/cyclebalance.hu\/#\/schema\/logo\/image\/","url":"https:\/\/cyclebalance.hu\/wp-content\/uploads\/2022\/11\/cropped-Alcimsor-hozzaadasa-3.jpg","contentUrl":"https:\/\/cyclebalance.hu\/wp-content\/uploads\/2022\/11\/cropped-Alcimsor-hozzaadasa-3.jpg","width":777,"height":311,"caption":"CYCLE BALANCE"},"image":{"@id":"https:\/\/cyclebalance.hu\/#\/schema\/logo\/image\/"}}]}},"_links":{"self":[{"href":"https:\/\/cyclebalance.hu\/index.php?rest_route=\/wp\/v2\/pages\/42","targetHints":{"allow":["GET"]}}],"collection":[{"href":"https:\/\/cyclebalance.hu\/index.php?rest_route=\/wp\/v2\/pages"}],"about":[{"href":"https:\/\/cyclebalance.hu\/index.php?rest_route=\/wp\/v2\/types\/page"}],"author":[{"embeddable":true,"href":"https:\/\/cyclebalance.hu\/index.php?rest_route=\/wp\/v2\/users\/1"}],"replies":[{"embeddable":true,"href":"https:\/\/cyclebalance.hu\/index.php?rest_route=%2Fwp%2Fv2%2Fcomments&post=42"}],"version-history":[{"count":56,"href":"https:\/\/cyclebalance.hu\/index.php?rest_route=\/wp\/v2\/pages\/42\/revisions"}],"predecessor-version":[{"id":1159,"href":"https:\/\/cyclebalance.hu\/index.php?rest_route=\/wp\/v2\/pages\/42\/revisions\/1159"}],"wp:attachment":[{"href":"https:\/\/cyclebalance.hu\/index.php?rest_route=%2Fwp%2Fv2%2Fmedia&parent=42"}],"curies":[{"name":"wp","href":"https:\/\/api.w.org\/{rel}","templated":true}]}}