{"id":438,"date":"2022-11-09T09:45:18","date_gmt":"2022-11-09T09:45:18","guid":{"rendered":"https:\/\/cyclebalance.hu\/?page_id=438"},"modified":"2025-05-23T06:47:48","modified_gmt":"2025-05-23T06:47:48","slug":"csoportos-oktatas","status":"publish","type":"page","link":"https:\/\/cyclebalance.hu\/?page_id=438","title":{"rendered":"Ciklusk\u00f6vet\u00e9s csoportos oktat\u00e1s"},"content":{"rendered":"<p class=\"has-text-align-center has-text-color\" style=\"color:#545c6a;font-size:25px\"><\/p><p class=\"has-text-color\" style=\"color:#545c6a\"><\/p><p class=\"has-text-color\" style=\"color:#545c6a\">A&nbsp;<strong>CYCLE BALANCE ciklusk\u00f6vet\u00e9si met\u00f3dusa a Billings Ovul\u00e1ci\u00f3s M\u00f3dszer,<\/strong>&nbsp;melynek alapja a&nbsp;<strong>m\u00e9hnyak-ny\u00e1k<\/strong>&nbsp;figyelemmel k\u00eds\u00e9r\u00e9se. A ny\u00e1kot a&nbsp;<strong>m\u00e9hnyak<\/strong>&nbsp;termeli, amely a&nbsp;<strong>nemi hormonok ir\u00e1ny\u00edt\u00e1sa alatt \u00e1ll<\/strong>.<\/p><div class=\"wp-block-image\"><figure class=\"aligncenter is-resized\"><img decoding=\"async\" src=\"https:\/\/cyclebalance.hu\/wp-content\/uploads\/2022\/11\/Nevtelen-terv-2-1024x330.jpg\" alt=\"\" style=\"width:706px;height:auto\"\/><figcaption class=\"wp-element-caption\">A m\u00e9hnyak elhelyezked\u00e9se, a m\u00e9hnyak aluln\u00e9zetb\u0151l, egy term\u00e9keny m\u00e9hnyakny\u00e1k.<\/figcaption><\/figure><\/div><p>Kutat\u00e1sok r\u00e1mutattak, hogy a ny\u00e1k nem csak jelzi a term\u00e9keny id\u0151szakot, hanem fontos a fogamz\u00e1s szempontj\u00e1b\u00f3l is.<\/p><p><strong>N\u00e9h\u00e1ny ciklus alatt elsaj\u00e1t\u00edthat\u00f3<\/strong>&nbsp;a m\u00f3dszer biztons\u00e1gos haszn\u00e1lata, melyhez l\u00e9nyeges a&nbsp;<strong>napi r\u00f6vid feljegyz\u00e9sek<\/strong>&nbsp;k\u00e9sz\u00edt\u00e9se.<br>A m\u00f3dszer nem j\u00e1r gy\u00f3gyszerek vagy eszk\u00f6z\u00f6k ig\u00e9nybev\u00e9tel\u00e9vel.&nbsp;<strong>Mind\u00f6ssze a v\u00e1ltoz\u00f3 ny\u00e1k egyszer\u0171 figyelemmel k\u00eds\u00e9r\u00e9s\u00e9re \u00e9s az ismeretek alkalmaz\u00e1s\u00e1ra van sz\u00fcks\u00e9g.<\/strong><\/p><p>Kutat\u00e1sok igazolj\u00e1k, hogy a Billings Ovul\u00e1ci\u00f3s M\u00f3dszer\u00ae hat\u00e9konys\u00e1ga (a m\u00f3dszer szab\u00e1lyainak betart\u00e1sa mellett) a hormon\u00e1lis tablett\u00e1kkal azonos, vagy jobb. (&gt;99%)<br><strong>Csal\u00e1dalap\u00edt\u00e1sra v\u00e1gy\u00f3 p\u00e1rok&nbsp;helyes alkalmaz\u00e1s mellett&nbsp;\u00e1tlagosan 4,7 h\u00f3nap m\u00falva sikerr\u0151l sz\u00e1molnak be.<\/strong><\/p><p><strong>100%-ban k\u00f6rnyezetbar\u00e1t, teljesen eszk\u00f6zmentes, megfizethet\u0151,<\/strong>&nbsp;hiszen a tanfolyam egyszeri d\u00edj\u00e1nak megfizet\u00e9s\u00e9n t\u00fal nincs tov\u00e1bbi k\u00f6lts\u00e9ge.<\/p><p><\/p><p><strong>A CYCLE BALANCE oktat\u00e1s menete:<\/strong><br>\u00c9rdekli a bar\u00e1tn\u0151id\/ kollegan\u0151id is a ciklusk\u00f6vet\u00e9s? Jelentkezzetek egy\u00fctt! Egy csoportot minimum 3 f\u0151 jelentkez\u00e9sekor tudunk ind\u00edtani.&nbsp;<strong>Ha jelentkezni szeretn\u00e9tek id\u0151pont egyeztet\u00e9s sz\u00fcks\u00e9ges.<\/strong><\/p><p><strong>Els\u0151 alkalommal egy d\u00edjmentes ismerked\u00e9st tartunk. Beoszt\u00e1s szerint, megadott id\u0151pontokban, kis 15 perces konzult\u00e1ci\u00f3k n\u00e9gyszem k\u00f6z\u00f6tt, arr\u00f3l van-e b\u00e1rmi panasz, mik a c\u00e9ljaitok a k\u00e9pz\u00e9ssel, fogamz\u00e1s elker\u00fcl\u00e9s, vagy fogamz\u00e1s, ak\u00e1r csak a test tudatos megismer\u00e9se, eg\u00e9szs\u00e9g nyomonk\u00f6vet\u00e9se stb.<\/strong><\/p><p>Ezt k\u00f6vet\u0151en egyeztetett alkalmak sor\u00e1n (egy alkalom kb. 40-60 perc + a k\u00e9rd\u00e9sekre sz\u00e1nt id\u0151) a k\u00f6vetkez\u0151 t\u00e9m\u00e1kon haladunk v\u00e9gig 4 alkalom sor\u00e1n:<br>\u2022&nbsp;<strong>a n\u0151i ciklus<br>\u2022 Billings Ovul\u00e1ci\u00f3s M\u00f3dszer \u00ae \u00e9s a ciklus biol\u00f3giai h\u00e1ttere<br>\u2022 Billings Ovul\u00e1ci\u00f3s M\u00f3dszer \u00ae a gyakorlatban, ciklust\u00edpusokmindenk\u00e9ppen<br>\u2022&nbsp;Billings Ovul\u00e1ci\u00f3s M\u00f3dszer \u00ae&nbsp;szab\u00e1lyok fogamz\u00e1s elker\u00fcl\u00e9s\u00e9re \u00e9s el\u00e9r\u00e9s\u00e9re<\/strong><\/p><p class=\"has-text-align-center\">Egy alkalom d\u00edja: 11 000 Ft \/ f\u0151<\/p><p>Egy\u00e9b v\u00e1laszthat\u00f3 t\u00e9m\u00e1k:<br>\u2022&nbsp;<strong>szoptat\u00e1s \u00e9s v\u00e1ltoz\u00e1s kora<\/strong><br><strong>\u2022 cs\u00f6kkent fogamz\u00f3k\u00e9pess\u00e9g, gyakori hormon-egyens\u00faly probl\u00e9m\u00e1k<\/strong><br>\u2022&nbsp;<strong>v\u00e9rz\u00e9st\u00edpusok, h\u00fcvelyv\u00e1lad\u00e9kok<br>\u2022 f\u00e9rfi szaporod\u00e1s m\u0171k\u00f6d\u00e9se a n\u0151i term\u00e9kenys\u00e9ggel<\/strong><\/p><p class=\"has-text-color\" style=\"color:#545c6a\">A k\u00e9pz\u00e9s sor\u00e1n b\u00e1rmikor k\u00e9rd\u00e9setek lesz a rendelkez\u00e9setekre \u00e1llok,&nbsp;<strong>oktat\u00e1st k\u00f6vet\u0151en&nbsp;<\/strong>pedig&nbsp;<strong>egy\u00e9ni online konzult\u00e1ci\u00f3k sor\u00e1n egy\u00fctt fogjuk \u00e9rtelmezni a Te egy\u00e9ni ciklusk\u00e9ped.<\/strong><\/p><p style=\"font-size:22px\"><mark style=\"background-color: rgba(0, 0, 0, 0); color: #545c6a;\"><em><strong>Jelentkez\u00e9s:<\/strong><\/em><\/mark><\/p><p><em>K\u00e9rlek jel\u00f6ld meg az \u00fczenetben, hogy a \u201e<strong>csoportos oktat\u00e1s<\/strong>\u201d \u00e9rdeklel!<\/em><\/p><div class=\"wpforms-container wpforms-container-full wpforms-block wpforms-block-c68b7673-2302-42d8-aebb-7db1949fcec3\" id=\"wpforms-35\"><form id=\"wpforms-form-35\" class=\"wpforms-validate wpforms-form wpforms-ajax-form\" data-formid=\"35\" method=\"post\" enctype=\"multipart\/form-data\" action=\"\/index.php?rest_route=%2Fwp%2Fv2%2Fpages%2F438\" data-token=\"a29b5a9fd553accb6abd40efda9e37e3\" data-token-time=\"1777540570\"><noscript class=\"wpforms-error-noscript\">Please enable JavaScript in your browser to complete this form.<\/noscript><div class=\"wpforms-field-container\"><div id=\"wpforms-35-field_0-container\" class=\"wpforms-field wpforms-field-name\" data-field-id=\"0\"><label class=\"wpforms-field-label\" for=\"wpforms-35-field_0\">N\u00e9v <span class=\"wpforms-required-label\">*<\/span><\/label><input type=\"text\" id=\"wpforms-35-field_0\" class=\"wpforms-field-medium wpforms-field-required\" name=\"wpforms[fields][0]\" required><\/div><div id=\"wpforms-35-field_1-container\" class=\"wpforms-field wpforms-field-email\" data-field-id=\"1\"><label class=\"wpforms-field-label\" for=\"wpforms-35-field_1\">Email <span class=\"wpforms-required-label\">*<\/span><\/label><input type=\"email\" id=\"wpforms-35-field_1\" class=\"wpforms-field-medium wpforms-field-required\" name=\"wpforms[fields][1]\" spellcheck=\"false\" required><\/div><div id=\"wpforms-35-field_2-container\" class=\"wpforms-field wpforms-field-textarea\" data-field-id=\"2\"><label class=\"wpforms-field-label\" for=\"wpforms-35-field_2\">\u00dczenet <span class=\"wpforms-required-label\">*<\/span><\/label><textarea id=\"wpforms-35-field_2\" class=\"wpforms-field-medium wpforms-field-required\" name=\"wpforms[fields][2]\" required><\/textarea><\/div><\/div><!-- .wpforms-field-container --><div class=\"wpforms-submit-container\" ><input type=\"hidden\" name=\"wpforms[id]\" value=\"35\"><input type=\"hidden\" name=\"page_title\" value=\"\"><input type=\"hidden\" name=\"page_url\" value=\"https:\/\/cyclebalance.hu\/index.php?rest_route=\/wp\/v2\/pages\/438\"><input type=\"hidden\" name=\"url_referer\" value=\"\"><button type=\"submit\" name=\"wpforms[submit]\" id=\"wpforms-submit-35\" class=\"wpforms-submit\" data-alt-text=\"K\u00fcld\u00e9s...\" data-submit-text=\"K\u00fcld\u00e9s\" aria-live=\"assertive\" value=\"wpforms-submit\">K\u00fcld\u00e9s<\/button><img decoding=\"async\" src=\"https:\/\/cyclebalance.hu\/wp-content\/plugins\/wpforms-lite\/assets\/images\/submit-spin.svg\" class=\"wpforms-submit-spinner\" style=\"display: none;\" width=\"26\" height=\"26\" alt=\"Loading\"><\/div><\/form><\/div>  <!-- .wpforms-container --><p class=\"has-text-align-center has-text-color\" style=\"color:#545c6a\">Visszajelz\u00e9sek:<\/p><div class=\"wp-block-image\"><figure class=\"aligncenter is-resized\"><img fetchpriority=\"high\" decoding=\"async\" width=\"1024\" height=\"401\" src=\"https:\/\/cyclebalance.hu\/wp-content\/uploads\/2025\/04\/ajanlasberta-1024x401.jpg\" alt=\"\" class=\"wp-image-1074\" style=\"width:672px;height:auto\" srcset=\"https:\/\/cyclebalance.hu\/wp-content\/uploads\/2025\/04\/ajanlasberta-1024x401.jpg 1024w, https:\/\/cyclebalance.hu\/wp-content\/uploads\/2025\/04\/ajanlasberta-300x117.jpg 300w, https:\/\/cyclebalance.hu\/wp-content\/uploads\/2025\/04\/ajanlasberta-768x300.jpg 768w, https:\/\/cyclebalance.hu\/wp-content\/uploads\/2025\/04\/ajanlasberta-600x235.jpg 600w, https:\/\/cyclebalance.hu\/wp-content\/uploads\/2025\/04\/ajanlasberta.jpg 1490w\" sizes=\"(max-width: 1024px) 100vw, 1024px\" \/><\/figure><\/div><div class=\"wp-block-image\"><figure class=\"aligncenter size-large is-resized\"><img decoding=\"async\" width=\"1024\" height=\"681\" src=\"https:\/\/cyclebalance.hu\/wp-content\/uploads\/2025\/05\/visszaj1-1024x681.jpg\" alt=\"\" class=\"wp-image-1149\" style=\"width:448px;height:auto\" srcset=\"https:\/\/cyclebalance.hu\/wp-content\/uploads\/2025\/05\/visszaj1-1024x681.jpg 1024w, https:\/\/cyclebalance.hu\/wp-content\/uploads\/2025\/05\/visszaj1-300x200.jpg 300w, https:\/\/cyclebalance.hu\/wp-content\/uploads\/2025\/05\/visszaj1-768x511.jpg 768w, https:\/\/cyclebalance.hu\/wp-content\/uploads\/2025\/05\/visszaj1-600x399.jpg 600w, https:\/\/cyclebalance.hu\/wp-content\/uploads\/2025\/05\/visszaj1.jpg 1027w\" sizes=\"(max-width: 1024px) 100vw, 1024px\" \/><\/figure><\/div><div class=\"wp-block-image\"><figure class=\"aligncenter is-resized\"><img loading=\"lazy\" decoding=\"async\" width=\"1024\" height=\"226\" src=\"https:\/\/cyclebalance.hu\/wp-content\/uploads\/2025\/05\/visszajelzes-1024x226.jpg\" alt=\"\" class=\"wp-image-1123\" style=\"width:676px;height:auto\" srcset=\"https:\/\/cyclebalance.hu\/wp-content\/uploads\/2025\/05\/visszajelzes-1024x226.jpg 1024w, https:\/\/cyclebalance.hu\/wp-content\/uploads\/2025\/05\/visszajelzes-300x66.jpg 300w, https:\/\/cyclebalance.hu\/wp-content\/uploads\/2025\/05\/visszajelzes-768x170.jpg 768w, https:\/\/cyclebalance.hu\/wp-content\/uploads\/2025\/05\/visszajelzes-1536x340.jpg 1536w, https:\/\/cyclebalance.hu\/wp-content\/uploads\/2025\/05\/visszajelzes-600x133.jpg 600w, https:\/\/cyclebalance.hu\/wp-content\/uploads\/2025\/05\/visszajelzes.jpg 1895w\" sizes=\"(max-width: 1024px) 100vw, 1024px\" \/><\/figure><\/div><div class=\"wp-block-image\"><figure class=\"aligncenter size-large is-resized\"><img loading=\"lazy\" decoding=\"async\" width=\"1024\" height=\"485\" src=\"https:\/\/cyclebalance.hu\/wp-content\/uploads\/2025\/05\/visszaj-1024x485.jpg\" alt=\"\" class=\"wp-image-1148\" style=\"width:586px;height:auto\" srcset=\"https:\/\/cyclebalance.hu\/wp-content\/uploads\/2025\/05\/visszaj-1024x485.jpg 1024w, https:\/\/cyclebalance.hu\/wp-content\/uploads\/2025\/05\/visszaj-300x142.jpg 300w, https:\/\/cyclebalance.hu\/wp-content\/uploads\/2025\/05\/visszaj-768x364.jpg 768w, https:\/\/cyclebalance.hu\/wp-content\/uploads\/2025\/05\/visszaj-600x284.jpg 600w, https:\/\/cyclebalance.hu\/wp-content\/uploads\/2025\/05\/visszaj.jpg 1435w\" sizes=\"(max-width: 1024px) 100vw, 1024px\" \/><\/figure><\/div><div class=\"wp-block-image\"><figure class=\"aligncenter size-full is-resized\"><img loading=\"lazy\" decoding=\"async\" width=\"1024\" height=\"683\" src=\"https:\/\/cyclebalance.hu\/wp-content\/uploads\/2025\/05\/visszaj2.jpg\" alt=\"\" class=\"wp-image-1150\" style=\"width:444px;height:auto\" srcset=\"https:\/\/cyclebalance.hu\/wp-content\/uploads\/2025\/05\/visszaj2.jpg 1024w, https:\/\/cyclebalance.hu\/wp-content\/uploads\/2025\/05\/visszaj2-300x200.jpg 300w, https:\/\/cyclebalance.hu\/wp-content\/uploads\/2025\/05\/visszaj2-768x512.jpg 768w, https:\/\/cyclebalance.hu\/wp-content\/uploads\/2025\/05\/visszaj2-600x400.jpg 600w\" sizes=\"(max-width: 1024px) 100vw, 1024px\" \/><\/figure><\/div>","protected":false},"excerpt":{"rendered":"<p>A&nbsp;CYCLE BALANCE ciklusk\u00f6vet\u00e9si met\u00f3dusa a Billings Ovul\u00e1ci\u00f3s M\u00f3dszer,&nbsp;melynek alapja a&nbsp;m\u00e9hnyak-ny\u00e1k&nbsp;figyelemmel k\u00eds\u00e9r\u00e9se. A ny\u00e1kot a&nbsp;m\u00e9hnyak&nbsp;termeli, amely a&nbsp;nemi hormonok ir\u00e1ny\u00edt\u00e1sa alatt \u00e1ll. Kutat\u00e1sok r\u00e1mutattak, hogy a ny\u00e1k nem csak jelzi a term\u00e9keny id\u0151szakot, hanem fontos a fogamz\u00e1s szempontj\u00e1b\u00f3l is. N\u00e9h\u00e1ny ciklus alatt elsaj\u00e1t\u00edthat\u00f3&nbsp;a m\u00f3dszer biztons\u00e1gos haszn\u00e1lata, melyhez l\u00e9nyeges a&nbsp;napi r\u00f6vid feljegyz\u00e9sek&nbsp;k\u00e9sz\u00edt\u00e9se.A m\u00f3dszer nem j\u00e1r gy\u00f3gyszerek vagy eszk\u00f6z\u00f6k&#8230;<\/p>\n","protected":false},"author":1,"featured_media":0,"parent":0,"menu_order":0,"comment_status":"closed","ping_status":"closed","template":"","meta":{"_kad_post_transparent":"","_kad_post_title":"","_kad_post_layout":"","_kad_post_sidebar_id":"","_kad_post_content_style":"","_kad_post_vertical_padding":"","_kad_post_feature":"","_kad_post_feature_position":"","_kad_post_header":false,"_kad_post_footer":false,"footnotes":""},"class_list":["post-438","page","type-page","status-publish","hentry"],"yoast_head":"<!-- This site is optimized with the Yoast SEO plugin v25.0 - https:\/\/yoast.com\/wordpress\/plugins\/seo\/ -->\n<title>Ciklusk\u00f6vet\u00e9s csoportos oktat\u00e1s - CYCLE BALANCE<\/title>\n<meta name=\"robots\" content=\"index, follow, max-snippet:-1, max-image-preview:large, max-video-preview:-1\" \/>\n<link rel=\"canonical\" href=\"https:\/\/cyclebalance.hu\/?page_id=438\" \/>\n<meta property=\"og:locale\" content=\"hu_HU\" \/>\n<meta property=\"og:type\" content=\"article\" \/>\n<meta property=\"og:title\" content=\"Ciklusk\u00f6vet\u00e9s csoportos oktat\u00e1s - CYCLE BALANCE\" \/>\n<meta property=\"og:description\" content=\"A&nbsp;CYCLE BALANCE ciklusk\u00f6vet\u00e9si met\u00f3dusa a Billings Ovul\u00e1ci\u00f3s M\u00f3dszer,&nbsp;melynek alapja a&nbsp;m\u00e9hnyak-ny\u00e1k&nbsp;figyelemmel k\u00eds\u00e9r\u00e9se. A ny\u00e1kot a&nbsp;m\u00e9hnyak&nbsp;termeli, amely a&nbsp;nemi hormonok ir\u00e1ny\u00edt\u00e1sa alatt \u00e1ll. Kutat\u00e1sok r\u00e1mutattak, hogy a ny\u00e1k nem csak jelzi a term\u00e9keny id\u0151szakot, hanem fontos a fogamz\u00e1s szempontj\u00e1b\u00f3l is. N\u00e9h\u00e1ny ciklus alatt elsaj\u00e1t\u00edthat\u00f3&nbsp;a m\u00f3dszer biztons\u00e1gos haszn\u00e1lata, melyhez l\u00e9nyeges a&nbsp;napi r\u00f6vid feljegyz\u00e9sek&nbsp;k\u00e9sz\u00edt\u00e9se.A m\u00f3dszer nem j\u00e1r gy\u00f3gyszerek vagy eszk\u00f6z\u00f6k...\" \/>\n<meta property=\"og:url\" content=\"https:\/\/cyclebalance.hu\/?page_id=438\" \/>\n<meta property=\"og:site_name\" content=\"CYCLE BALANCE\" \/>\n<meta property=\"article:modified_time\" content=\"2025-05-23T06:47:48+00:00\" \/>\n<meta property=\"og:image\" content=\"https:\/\/cyclebalance.hu\/wp-content\/uploads\/2022\/11\/Nevtelen-terv-2-1024x330.jpg\" \/>\n<meta name=\"twitter:card\" content=\"summary_large_image\" \/>\n<meta name=\"twitter:label1\" content=\"Becs\u00fclt olvas\u00e1si id\u0151\" \/>\n\t<meta name=\"twitter:data1\" content=\"3 perc\" \/>\n<script type=\"application\/ld+json\" class=\"yoast-schema-graph\">{\"@context\":\"https:\/\/schema.org\",\"@graph\":[{\"@type\":\"WebPage\",\"@id\":\"https:\/\/cyclebalance.hu\/?page_id=438\",\"url\":\"https:\/\/cyclebalance.hu\/?page_id=438\",\"name\":\"Ciklusk\u00f6vet\u00e9s csoportos oktat\u00e1s - CYCLE BALANCE\",\"isPartOf\":{\"@id\":\"https:\/\/cyclebalance.hu\/#website\"},\"primaryImageOfPage\":{\"@id\":\"https:\/\/cyclebalance.hu\/?page_id=438#primaryimage\"},\"image\":{\"@id\":\"https:\/\/cyclebalance.hu\/?page_id=438#primaryimage\"},\"thumbnailUrl\":\"https:\/\/cyclebalance.hu\/wp-content\/uploads\/2022\/11\/Nevtelen-terv-2-1024x330.jpg\",\"datePublished\":\"2022-11-09T09:45:18+00:00\",\"dateModified\":\"2025-05-23T06:47:48+00:00\",\"breadcrumb\":{\"@id\":\"https:\/\/cyclebalance.hu\/?page_id=438#breadcrumb\"},\"inLanguage\":\"hu\",\"potentialAction\":[{\"@type\":\"ReadAction\",\"target\":[\"https:\/\/cyclebalance.hu\/?page_id=438\"]}]},{\"@type\":\"ImageObject\",\"inLanguage\":\"hu\",\"@id\":\"https:\/\/cyclebalance.hu\/?page_id=438#primaryimage\",\"url\":\"https:\/\/cyclebalance.hu\/wp-content\/uploads\/2022\/11\/Nevtelen-terv-2.jpg\",\"contentUrl\":\"https:\/\/cyclebalance.hu\/wp-content\/uploads\/2022\/11\/Nevtelen-terv-2.jpg\",\"width\":1633,\"height\":526},{\"@type\":\"BreadcrumbList\",\"@id\":\"https:\/\/cyclebalance.hu\/?page_id=438#breadcrumb\",\"itemListElement\":[{\"@type\":\"ListItem\",\"position\":1,\"name\":\"Kezd\u0151lap\",\"item\":\"https:\/\/cyclebalance.hu\/\"},{\"@type\":\"ListItem\",\"position\":2,\"name\":\"Ciklusk\u00f6vet\u00e9s csoportos oktat\u00e1s\"}]},{\"@type\":\"WebSite\",\"@id\":\"https:\/\/cyclebalance.hu\/#website\",\"url\":\"https:\/\/cyclebalance.hu\/\",\"name\":\"CYCLE BALANCE\",\"description\":\"egyens\u00falyban a ciklusom\",\"publisher\":{\"@id\":\"https:\/\/cyclebalance.hu\/#organization\"},\"potentialAction\":[{\"@type\":\"SearchAction\",\"target\":{\"@type\":\"EntryPoint\",\"urlTemplate\":\"https:\/\/cyclebalance.hu\/?s={search_term_string}\"},\"query-input\":{\"@type\":\"PropertyValueSpecification\",\"valueRequired\":true,\"valueName\":\"search_term_string\"}}],\"inLanguage\":\"hu\"},{\"@type\":\"Organization\",\"@id\":\"https:\/\/cyclebalance.hu\/#organization\",\"name\":\"CYCLE BALANCE\",\"url\":\"https:\/\/cyclebalance.hu\/\",\"logo\":{\"@type\":\"ImageObject\",\"inLanguage\":\"hu\",\"@id\":\"https:\/\/cyclebalance.hu\/#\/schema\/logo\/image\/\",\"url\":\"https:\/\/cyclebalance.hu\/wp-content\/uploads\/2022\/11\/cropped-Alcimsor-hozzaadasa-3.jpg\",\"contentUrl\":\"https:\/\/cyclebalance.hu\/wp-content\/uploads\/2022\/11\/cropped-Alcimsor-hozzaadasa-3.jpg\",\"width\":777,\"height\":311,\"caption\":\"CYCLE BALANCE\"},\"image\":{\"@id\":\"https:\/\/cyclebalance.hu\/#\/schema\/logo\/image\/\"}}]}<\/script>\n<!-- \/ Yoast SEO plugin. -->","yoast_head_json":{"title":"Ciklusk\u00f6vet\u00e9s csoportos oktat\u00e1s - CYCLE BALANCE","robots":{"index":"index","follow":"follow","max-snippet":"max-snippet:-1","max-image-preview":"max-image-preview:large","max-video-preview":"max-video-preview:-1"},"canonical":"https:\/\/cyclebalance.hu\/?page_id=438","og_locale":"hu_HU","og_type":"article","og_title":"Ciklusk\u00f6vet\u00e9s csoportos oktat\u00e1s - CYCLE BALANCE","og_description":"A&nbsp;CYCLE BALANCE ciklusk\u00f6vet\u00e9si met\u00f3dusa a Billings Ovul\u00e1ci\u00f3s M\u00f3dszer,&nbsp;melynek alapja a&nbsp;m\u00e9hnyak-ny\u00e1k&nbsp;figyelemmel k\u00eds\u00e9r\u00e9se. A ny\u00e1kot a&nbsp;m\u00e9hnyak&nbsp;termeli, amely a&nbsp;nemi hormonok ir\u00e1ny\u00edt\u00e1sa alatt \u00e1ll. Kutat\u00e1sok r\u00e1mutattak, hogy a ny\u00e1k nem csak jelzi a term\u00e9keny id\u0151szakot, hanem fontos a fogamz\u00e1s szempontj\u00e1b\u00f3l is. N\u00e9h\u00e1ny ciklus alatt elsaj\u00e1t\u00edthat\u00f3&nbsp;a m\u00f3dszer biztons\u00e1gos haszn\u00e1lata, melyhez l\u00e9nyeges a&nbsp;napi r\u00f6vid feljegyz\u00e9sek&nbsp;k\u00e9sz\u00edt\u00e9se.A m\u00f3dszer nem j\u00e1r gy\u00f3gyszerek vagy eszk\u00f6z\u00f6k...","og_url":"https:\/\/cyclebalance.hu\/?page_id=438","og_site_name":"CYCLE BALANCE","article_modified_time":"2025-05-23T06:47:48+00:00","og_image":[{"url":"https:\/\/cyclebalance.hu\/wp-content\/uploads\/2022\/11\/Nevtelen-terv-2-1024x330.jpg","type":"","width":"","height":""}],"twitter_card":"summary_large_image","twitter_misc":{"Becs\u00fclt olvas\u00e1si id\u0151":"3 perc"},"schema":{"@context":"https:\/\/schema.org","@graph":[{"@type":"WebPage","@id":"https:\/\/cyclebalance.hu\/?page_id=438","url":"https:\/\/cyclebalance.hu\/?page_id=438","name":"Ciklusk\u00f6vet\u00e9s csoportos oktat\u00e1s - CYCLE BALANCE","isPartOf":{"@id":"https:\/\/cyclebalance.hu\/#website"},"primaryImageOfPage":{"@id":"https:\/\/cyclebalance.hu\/?page_id=438#primaryimage"},"image":{"@id":"https:\/\/cyclebalance.hu\/?page_id=438#primaryimage"},"thumbnailUrl":"https:\/\/cyclebalance.hu\/wp-content\/uploads\/2022\/11\/Nevtelen-terv-2-1024x330.jpg","datePublished":"2022-11-09T09:45:18+00:00","dateModified":"2025-05-23T06:47:48+00:00","breadcrumb":{"@id":"https:\/\/cyclebalance.hu\/?page_id=438#breadcrumb"},"inLanguage":"hu","potentialAction":[{"@type":"ReadAction","target":["https:\/\/cyclebalance.hu\/?page_id=438"]}]},{"@type":"ImageObject","inLanguage":"hu","@id":"https:\/\/cyclebalance.hu\/?page_id=438#primaryimage","url":"https:\/\/cyclebalance.hu\/wp-content\/uploads\/2022\/11\/Nevtelen-terv-2.jpg","contentUrl":"https:\/\/cyclebalance.hu\/wp-content\/uploads\/2022\/11\/Nevtelen-terv-2.jpg","width":1633,"height":526},{"@type":"BreadcrumbList","@id":"https:\/\/cyclebalance.hu\/?page_id=438#breadcrumb","itemListElement":[{"@type":"ListItem","position":1,"name":"Kezd\u0151lap","item":"https:\/\/cyclebalance.hu\/"},{"@type":"ListItem","position":2,"name":"Ciklusk\u00f6vet\u00e9s csoportos oktat\u00e1s"}]},{"@type":"WebSite","@id":"https:\/\/cyclebalance.hu\/#website","url":"https:\/\/cyclebalance.hu\/","name":"CYCLE BALANCE","description":"egyens\u00falyban a ciklusom","publisher":{"@id":"https:\/\/cyclebalance.hu\/#organization"},"potentialAction":[{"@type":"SearchAction","target":{"@type":"EntryPoint","urlTemplate":"https:\/\/cyclebalance.hu\/?s={search_term_string}"},"query-input":{"@type":"PropertyValueSpecification","valueRequired":true,"valueName":"search_term_string"}}],"inLanguage":"hu"},{"@type":"Organization","@id":"https:\/\/cyclebalance.hu\/#organization","name":"CYCLE BALANCE","url":"https:\/\/cyclebalance.hu\/","logo":{"@type":"ImageObject","inLanguage":"hu","@id":"https:\/\/cyclebalance.hu\/#\/schema\/logo\/image\/","url":"https:\/\/cyclebalance.hu\/wp-content\/uploads\/2022\/11\/cropped-Alcimsor-hozzaadasa-3.jpg","contentUrl":"https:\/\/cyclebalance.hu\/wp-content\/uploads\/2022\/11\/cropped-Alcimsor-hozzaadasa-3.jpg","width":777,"height":311,"caption":"CYCLE BALANCE"},"image":{"@id":"https:\/\/cyclebalance.hu\/#\/schema\/logo\/image\/"}}]}},"_links":{"self":[{"href":"https:\/\/cyclebalance.hu\/index.php?rest_route=\/wp\/v2\/pages\/438","targetHints":{"allow":["GET"]}}],"collection":[{"href":"https:\/\/cyclebalance.hu\/index.php?rest_route=\/wp\/v2\/pages"}],"about":[{"href":"https:\/\/cyclebalance.hu\/index.php?rest_route=\/wp\/v2\/types\/page"}],"author":[{"embeddable":true,"href":"https:\/\/cyclebalance.hu\/index.php?rest_route=\/wp\/v2\/users\/1"}],"replies":[{"embeddable":true,"href":"https:\/\/cyclebalance.hu\/index.php?rest_route=%2Fwp%2Fv2%2Fcomments&post=438"}],"version-history":[{"count":55,"href":"https:\/\/cyclebalance.hu\/index.php?rest_route=\/wp\/v2\/pages\/438\/revisions"}],"predecessor-version":[{"id":1158,"href":"https:\/\/cyclebalance.hu\/index.php?rest_route=\/wp\/v2\/pages\/438\/revisions\/1158"}],"wp:attachment":[{"href":"https:\/\/cyclebalance.hu\/index.php?rest_route=%2Fwp%2Fv2%2Fmedia&parent=438"}],"curies":[{"name":"wp","href":"https:\/\/api.w.org\/{rel}","templated":true}]}}